{"id":1741,"date":"2023-09-27T20:25:17","date_gmt":"2023-09-28T01:25:17","guid":{"rendered":"http:\/\/190.242.100.212\/cul\/?page_id=1741"},"modified":"2023-09-27T21:37:15","modified_gmt":"2023-09-28T02:37:15","slug":"lineas-y-grupos-de-investigacion","status":"publish","type":"page","link":"https:\/\/virtual.ul.edu.co\/cul\/lineas-y-grupos-de-investigacion\/","title":{"rendered":"L\u00edneas y grupos de investigaci\u00f3n"},"content":{"rendered":"\t\t<div data-elementor-type=\"wp-page\" data-elementor-id=\"1741\" class=\"elementor elementor-1741\">\n\t\t\t\t\t\t<section class=\"elementor-section elementor-top-section elementor-element elementor-element-e250bf0 elementor-section-stretched elementor-section-boxed elementor-section-height-default elementor-section-height-default\" data-id=\"e250bf0\" data-element_type=\"section\" data-settings=\"{&quot;background_background&quot;:&quot;classic&quot;,&quot;stretch_section&quot;:&quot;section-stretched&quot;}\">\n\t\t\t\t\t\t<div class=\"elementor-container elementor-column-gap-default\">\n\t\t\t\t\t<div class=\"elementor-column elementor-col-50 elementor-top-column elementor-element elementor-element-d59afc8\" data-id=\"d59afc8\" data-element_type=\"column\">\n\t\t\t<div class=\"elementor-widget-wrap elementor-element-populated\">\n\t\t\t\t\t\t<section class=\"elementor-section elementor-inner-section elementor-element elementor-element-914e36d elementor-section-boxed elementor-section-height-default elementor-section-height-default\" data-id=\"914e36d\" data-element_type=\"section\">\n\t\t\t\t\t\t<div class=\"elementor-container elementor-column-gap-default\">\n\t\t\t\t\t<div class=\"elementor-column elementor-col-100 elementor-inner-column elementor-element elementor-element-f61fc76\" data-id=\"f61fc76\" data-element_type=\"column\" data-settings=\"{&quot;background_background&quot;:&quot;classic&quot;}\">\n\t\t\t<div class=\"elementor-widget-wrap elementor-element-populated\">\n\t\t\t\t\t\t<div class=\"elementor-element elementor-element-e886451 elementor-widget elementor-widget-text-editor\" data-id=\"e886451\" data-element_type=\"widget\" data-widget_type=\"text-editor.default\">\n\t\t\t\t<div class=\"elementor-widget-container\">\n\t\t\t\t\t\t\t\t\t<p><strong><span class=\"OYPEnA text-decoration-none text-strikethrough-none\">L\u00edneas de investigaci\u00f3n<\/span><\/strong><\/p>\t\t\t\t\t\t\t\t<\/div>\n\t\t\t\t<\/div>\n\t\t\t\t\t<\/div>\n\t\t<\/div>\n\t\t\t\t\t<\/div>\n\t\t<\/section>\n\t\t\t\t\t<\/div>\n\t\t<\/div>\n\t\t\t\t<div class=\"elementor-column elementor-col-50 elementor-top-column elementor-element elementor-element-3ad099a\" data-id=\"3ad099a\" data-element_type=\"column\">\n\t\t\t<div class=\"elementor-widget-wrap elementor-element-populated\">\n\t\t\t\t\t\t<div class=\"elementor-element elementor-element-7b98a33 elementor-widget elementor-widget-image\" data-id=\"7b98a33\" data-element_type=\"widget\" data-widget_type=\"image.default\">\n\t\t\t\t<div class=\"elementor-widget-container\">\n\t\t\t\t\t\t\t\t\t\t\t\t\t\t\t<img decoding=\"async\" src=\"https:\/\/virtual.ul.edu.co\/cul\/wp-content\/uploads\/elementor\/thumbs\/lineainvestigacion-r12qpgbvuw95p1cxeg3ybubcvs2pko23dv18c1b28g.png\" title=\"lineainvestigacion\" alt=\"lineainvestigacion\" loading=\"lazy\" \/>\t\t\t\t\t\t\t\t\t\t\t\t\t\t\t<\/div>\n\t\t\t\t<\/div>\n\t\t\t\t\t<\/div>\n\t\t<\/div>\n\t\t\t\t\t<\/div>\n\t\t<\/section>\n\t\t\t\t<section class=\"elementor-section elementor-top-section elementor-element elementor-element-813ca88 elementor-section-stretched elementor-section-boxed elementor-section-height-default elementor-section-height-default\" data-id=\"813ca88\" data-element_type=\"section\" data-settings=\"{&quot;background_background&quot;:&quot;classic&quot;,&quot;stretch_section&quot;:&quot;section-stretched&quot;}\">\n\t\t\t\t\t\t<div class=\"elementor-container elementor-column-gap-default\">\n\t\t\t\t\t<div class=\"elementor-column elementor-col-100 elementor-top-column elementor-element elementor-element-7debbc3\" data-id=\"7debbc3\" data-element_type=\"column\">\n\t\t\t<div class=\"elementor-widget-wrap elementor-element-populated\">\n\t\t\t\t\t\t<div class=\"elementor-element elementor-element-704710d elementor-widget elementor-widget-text-editor\" data-id=\"704710d\" data-element_type=\"widget\" data-widget_type=\"text-editor.default\">\n\t\t\t\t<div class=\"elementor-widget-container\">\n\t\t\t\t\t\t\t\t\t<p><span class=\"OYPEnA text-decoration-none text-strikethrough-none\">Grupos de investigaci\u00f3n<\/span><\/p>\t\t\t\t\t\t\t\t<\/div>\n\t\t\t\t<\/div>\n\t\t\t\t<div class=\"elementor-element elementor-element-e056ced elementor-widget-divider--view-line elementor-invisible elementor-widget elementor-widget-divider\" data-id=\"e056ced\" data-element_type=\"widget\" data-settings=\"{&quot;_animation&quot;:&quot;fadeInRight&quot;}\" data-widget_type=\"divider.default\">\n\t\t\t\t<div class=\"elementor-widget-container\">\n\t\t\t\t\t\t\t<div class=\"elementor-divider\">\n\t\t\t<span class=\"elementor-divider-separator\">\n\t\t\t\t\t\t<\/span>\n\t\t<\/div>\n\t\t\t\t\t\t<\/div>\n\t\t\t\t<\/div>\n\t\t\t\t\t<\/div>\n\t\t<\/div>\n\t\t\t\t\t<\/div>\n\t\t<\/section>\n\t\t\t\t<section class=\"elementor-section elementor-top-section elementor-element elementor-element-af87bb1 elementor-section-stretched elementor-section-boxed elementor-section-height-default elementor-section-height-default\" data-id=\"af87bb1\" data-element_type=\"section\" data-settings=\"{&quot;background_background&quot;:&quot;gradient&quot;,&quot;stretch_section&quot;:&quot;section-stretched&quot;}\">\n\t\t\t\t\t\t<div class=\"elementor-container elementor-column-gap-default\">\n\t\t\t\t\t<div class=\"elementor-column elementor-col-33 elementor-top-column elementor-element elementor-element-72ec0fc\" data-id=\"72ec0fc\" data-element_type=\"column\">\n\t\t\t<div class=\"elementor-widget-wrap elementor-element-populated\">\n\t\t\t\t\t\t<section class=\"elementor-section elementor-inner-section elementor-element elementor-element-6805560 elementor-section-boxed elementor-section-height-default elementor-section-height-default\" data-id=\"6805560\" data-element_type=\"section\">\n\t\t\t\t\t\t<div class=\"elementor-container elementor-column-gap-default\">\n\t\t\t\t\t<div class=\"elementor-column elementor-col-100 elementor-inner-column elementor-element elementor-element-2a35f52\" data-id=\"2a35f52\" data-element_type=\"column\">\n\t\t\t<div class=\"elementor-widget-wrap elementor-element-populated\">\n\t\t\t\t\t\t<div class=\"elementor-element elementor-element-7001123 elementor-widget elementor-widget-image\" data-id=\"7001123\" data-element_type=\"widget\" data-widget_type=\"image.default\">\n\t\t\t\t<div class=\"elementor-widget-container\">\n\t\t\t\t\t\t\t\t\t\t\t\t\t\t\t<img fetchpriority=\"high\" decoding=\"async\" width=\"1024\" height=\"576\" src=\"https:\/\/virtual.ul.edu.co\/cul\/wp-content\/uploads\/2023\/09\/3-1024x576.png\" class=\"attachment-large size-large wp-image-1747\" alt=\"\" srcset=\"https:\/\/virtual.ul.edu.co\/cul\/wp-content\/uploads\/2023\/09\/3-1024x576.png 1024w, https:\/\/virtual.ul.edu.co\/cul\/wp-content\/uploads\/2023\/09\/3-300x169.png 300w, https:\/\/virtual.ul.edu.co\/cul\/wp-content\/uploads\/2023\/09\/3-768x432.png 768w, https:\/\/virtual.ul.edu.co\/cul\/wp-content\/uploads\/2023\/09\/3-1536x864.png 1536w, https:\/\/virtual.ul.edu.co\/cul\/wp-content\/uploads\/2023\/09\/3.png 1920w\" sizes=\"(max-width: 1024px) 100vw, 1024px\" \/>\t\t\t\t\t\t\t\t\t\t\t\t\t\t\t<\/div>\n\t\t\t\t<\/div>\n\t\t\t\t\t<\/div>\n\t\t<\/div>\n\t\t\t\t\t<\/div>\n\t\t<\/section>\n\t\t\t\t<section class=\"elementor-section elementor-inner-section elementor-element elementor-element-9782f17 elementor-section-boxed elementor-section-height-default elementor-section-height-default\" data-id=\"9782f17\" data-element_type=\"section\">\n\t\t\t\t\t\t<div class=\"elementor-container elementor-column-gap-default\">\n\t\t\t\t\t<div class=\"elementor-column elementor-col-100 elementor-inner-column elementor-element elementor-element-0339d96\" data-id=\"0339d96\" data-element_type=\"column\" data-settings=\"{&quot;background_background&quot;:&quot;classic&quot;}\">\n\t\t\t<div class=\"elementor-widget-wrap elementor-element-populated\">\n\t\t\t\t\t\t<div class=\"elementor-element elementor-element-b0d31e4 elementor-widget elementor-widget-text-editor\" data-id=\"b0d31e4\" data-element_type=\"widget\" data-widget_type=\"text-editor.default\">\n\t\t\t\t<div class=\"elementor-widget-container\">\n\t\t\t\t\t\t\t\t\t<p class=\"cvGsUA direction-ltr align-center para-style-body\"><span class=\"OYPEnA text-decoration-none text-strikethrough-none\">Grupo de Investigaci\u00f3n Ingenier\u00eda y Organizaci\u00f3n<\/span><\/p>\t\t\t\t\t\t\t\t<\/div>\n\t\t\t\t<\/div>\n\t\t\t\t\t<\/div>\n\t\t<\/div>\n\t\t\t\t\t<\/div>\n\t\t<\/section>\n\t\t\t\t\t<\/div>\n\t\t<\/div>\n\t\t\t\t<div class=\"elementor-column elementor-col-33 elementor-top-column elementor-element elementor-element-a30ca38\" data-id=\"a30ca38\" data-element_type=\"column\">\n\t\t\t<div class=\"elementor-widget-wrap elementor-element-populated\">\n\t\t\t\t\t\t<section class=\"elementor-section elementor-inner-section elementor-element elementor-element-5f9292a elementor-section-boxed elementor-section-height-default elementor-section-height-default\" data-id=\"5f9292a\" data-element_type=\"section\">\n\t\t\t\t\t\t<div class=\"elementor-container elementor-column-gap-default\">\n\t\t\t\t\t<div class=\"elementor-column elementor-col-100 elementor-inner-column elementor-element elementor-element-d230605\" data-id=\"d230605\" data-element_type=\"column\">\n\t\t\t<div class=\"elementor-widget-wrap elementor-element-populated\">\n\t\t\t\t\t\t<div class=\"elementor-element elementor-element-795bfd9 elementor-widget elementor-widget-image\" data-id=\"795bfd9\" data-element_type=\"widget\" data-widget_type=\"image.default\">\n\t\t\t\t<div class=\"elementor-widget-container\">\n\t\t\t\t\t\t\t\t\t\t\t\t\t\t\t<img decoding=\"async\" width=\"1024\" height=\"576\" src=\"https:\/\/virtual.ul.edu.co\/cul\/wp-content\/uploads\/2023\/09\/4-1024x576.png\" class=\"attachment-large size-large wp-image-1748\" alt=\"\" srcset=\"https:\/\/virtual.ul.edu.co\/cul\/wp-content\/uploads\/2023\/09\/4-1024x576.png 1024w, https:\/\/virtual.ul.edu.co\/cul\/wp-content\/uploads\/2023\/09\/4-300x169.png 300w, https:\/\/virtual.ul.edu.co\/cul\/wp-content\/uploads\/2023\/09\/4-768x432.png 768w, https:\/\/virtual.ul.edu.co\/cul\/wp-content\/uploads\/2023\/09\/4-1536x864.png 1536w, https:\/\/virtual.ul.edu.co\/cul\/wp-content\/uploads\/2023\/09\/4.png 1920w\" sizes=\"(max-width: 1024px) 100vw, 1024px\" \/>\t\t\t\t\t\t\t\t\t\t\t\t\t\t\t<\/div>\n\t\t\t\t<\/div>\n\t\t\t\t\t<\/div>\n\t\t<\/div>\n\t\t\t\t\t<\/div>\n\t\t<\/section>\n\t\t\t\t<section class=\"elementor-section elementor-inner-section elementor-element elementor-element-8cd972e elementor-section-boxed elementor-section-height-default elementor-section-height-default\" data-id=\"8cd972e\" data-element_type=\"section\">\n\t\t\t\t\t\t<div class=\"elementor-container elementor-column-gap-default\">\n\t\t\t\t\t<div class=\"elementor-column elementor-col-100 elementor-inner-column elementor-element elementor-element-2fcadac\" data-id=\"2fcadac\" data-element_type=\"column\" data-settings=\"{&quot;background_background&quot;:&quot;classic&quot;}\">\n\t\t\t<div class=\"elementor-widget-wrap elementor-element-populated\">\n\t\t\t\t\t\t<div class=\"elementor-element elementor-element-4b60a7d elementor-widget elementor-widget-text-editor\" data-id=\"4b60a7d\" data-element_type=\"widget\" data-widget_type=\"text-editor.default\">\n\t\t\t\t<div class=\"elementor-widget-container\">\n\t\t\t\t\t\t\t\t\t<p class=\"cvGsUA direction-ltr align-center para-style-body\"><span class=\"OYPEnA text-decoration-none text-strikethrough-none\">Grupo de Investigaci\u00f3n Social <\/span><span class=\"OYPEnA text-decoration-none text-strikethrough-none\">y Educaci\u00f3n<\/span><\/p>\t\t\t\t\t\t\t\t<\/div>\n\t\t\t\t<\/div>\n\t\t\t\t\t<\/div>\n\t\t<\/div>\n\t\t\t\t\t<\/div>\n\t\t<\/section>\n\t\t\t\t\t<\/div>\n\t\t<\/div>\n\t\t\t\t<div class=\"elementor-column elementor-col-33 elementor-top-column elementor-element elementor-element-731880c\" data-id=\"731880c\" data-element_type=\"column\">\n\t\t\t<div class=\"elementor-widget-wrap elementor-element-populated\">\n\t\t\t\t\t\t<section class=\"elementor-section elementor-inner-section elementor-element elementor-element-ec017e2 elementor-section-boxed elementor-section-height-default elementor-section-height-default\" data-id=\"ec017e2\" data-element_type=\"section\">\n\t\t\t\t\t\t<div class=\"elementor-container elementor-column-gap-default\">\n\t\t\t\t\t<div class=\"elementor-column elementor-col-100 elementor-inner-column elementor-element elementor-element-37b72f5\" data-id=\"37b72f5\" data-element_type=\"column\">\n\t\t\t<div class=\"elementor-widget-wrap elementor-element-populated\">\n\t\t\t\t\t\t<div class=\"elementor-element elementor-element-a17490f elementor-widget elementor-widget-image\" data-id=\"a17490f\" data-element_type=\"widget\" data-widget_type=\"image.default\">\n\t\t\t\t<div class=\"elementor-widget-container\">\n\t\t\t\t\t\t\t\t\t\t\t\t\t\t\t<img decoding=\"async\" width=\"1024\" height=\"576\" src=\"https:\/\/virtual.ul.edu.co\/cul\/wp-content\/uploads\/2023\/09\/4-1024x576.png\" class=\"attachment-large size-large wp-image-1748\" alt=\"\" srcset=\"https:\/\/virtual.ul.edu.co\/cul\/wp-content\/uploads\/2023\/09\/4-1024x576.png 1024w, https:\/\/virtual.ul.edu.co\/cul\/wp-content\/uploads\/2023\/09\/4-300x169.png 300w, https:\/\/virtual.ul.edu.co\/cul\/wp-content\/uploads\/2023\/09\/4-768x432.png 768w, https:\/\/virtual.ul.edu.co\/cul\/wp-content\/uploads\/2023\/09\/4-1536x864.png 1536w, https:\/\/virtual.ul.edu.co\/cul\/wp-content\/uploads\/2023\/09\/4.png 1920w\" sizes=\"(max-width: 1024px) 100vw, 1024px\" \/>\t\t\t\t\t\t\t\t\t\t\t\t\t\t\t<\/div>\n\t\t\t\t<\/div>\n\t\t\t\t\t<\/div>\n\t\t<\/div>\n\t\t\t\t\t<\/div>\n\t\t<\/section>\n\t\t\t\t<section class=\"elementor-section elementor-inner-section elementor-element elementor-element-6c06eff elementor-section-boxed elementor-section-height-default elementor-section-height-default\" data-id=\"6c06eff\" data-element_type=\"section\">\n\t\t\t\t\t\t<div class=\"elementor-container elementor-column-gap-default\">\n\t\t\t\t\t<div class=\"elementor-column elementor-col-100 elementor-inner-column elementor-element elementor-element-01115b9\" data-id=\"01115b9\" data-element_type=\"column\" data-settings=\"{&quot;background_background&quot;:&quot;classic&quot;}\">\n\t\t\t<div class=\"elementor-widget-wrap elementor-element-populated\">\n\t\t\t\t\t\t<div class=\"elementor-element elementor-element-efd5090 elementor-widget elementor-widget-text-editor\" data-id=\"efd5090\" data-element_type=\"widget\" data-widget_type=\"text-editor.default\">\n\t\t\t\t<div class=\"elementor-widget-container\">\n\t\t\t\t\t\t\t\t\t<p class=\"cvGsUA direction-ltr align-center para-style-body\"><span class=\"OYPEnA text-decoration-none text-strikethrough-none\">Grupo de Sostenibilidad <\/span><span class=\"OYPEnA text-decoration-none text-strikethrough-none\">Organizacional <\/span><span class=\"OYPEnA text-decoration-none text-strikethrough-none\">en la Competitividad<\/span><\/p>\t\t\t\t\t\t\t\t<\/div>\n\t\t\t\t<\/div>\n\t\t\t\t\t<\/div>\n\t\t<\/div>\n\t\t\t\t\t<\/div>\n\t\t<\/section>\n\t\t\t\t\t<\/div>\n\t\t<\/div>\n\t\t\t\t\t<\/div>\n\t\t<\/section>\n\t\t\t\t<section class=\"elementor-section elementor-top-section elementor-element elementor-element-4caa2587 elementor-reverse-mobile elementor-section-stretched elementor-section-boxed elementor-section-height-default elementor-section-height-default\" data-id=\"4caa2587\" data-element_type=\"section\" data-settings=\"{&quot;stretch_section&quot;:&quot;section-stretched&quot;}\">\n\t\t\t\t\t\t<div class=\"elementor-container elementor-column-gap-default\">\n\t\t\t\t\t<div class=\"elementor-column elementor-col-50 elementor-top-column elementor-element elementor-element-654651cd elementor-invisible\" data-id=\"654651cd\" data-element_type=\"column\" data-settings=\"{&quot;animation&quot;:&quot;fadeInLeft&quot;}\">\n\t\t\t<div class=\"elementor-widget-wrap elementor-element-populated\">\n\t\t\t\t\t\t<div class=\"elementor-element elementor-element-5ffac86c elementor-widget elementor-widget-image\" data-id=\"5ffac86c\" data-element_type=\"widget\" data-widget_type=\"image.default\">\n\t\t\t\t<div class=\"elementor-widget-container\">\n\t\t\t\t\t\t\t\t\t\t\t\t\t\t\t<img decoding=\"async\" src=\"https:\/\/virtual.ul.edu.co\/cul\/wp-content\/uploads\/elementor\/thumbs\/Diseno-sin-titulo-6-r12qpi7fd55ffnaz3qs2hemtjciq35fhxghoo0seq0.png\" title=\"Diseno-sin-titulo-6\" alt=\"Diseno-sin-titulo-6\" loading=\"lazy\" \/>\t\t\t\t\t\t\t\t\t\t\t\t\t\t\t<\/div>\n\t\t\t\t<\/div>\n\t\t\t\t\t<\/div>\n\t\t<\/div>\n\t\t\t\t<div class=\"elementor-column elementor-col-50 elementor-top-column elementor-element elementor-element-736a76f2 elementor-invisible\" data-id=\"736a76f2\" data-element_type=\"column\" data-settings=\"{&quot;animation&quot;:&quot;fadeInRight&quot;}\">\n\t\t\t<div class=\"elementor-widget-wrap elementor-element-populated\">\n\t\t\t\t\t\t<div class=\"elementor-element elementor-element-770b3cda elementor-widget-divider--view-line elementor-invisible elementor-widget elementor-widget-divider\" data-id=\"770b3cda\" data-element_type=\"widget\" data-settings=\"{&quot;_animation&quot;:&quot;fadeInRight&quot;,&quot;_animation_delay&quot;:300}\" data-widget_type=\"divider.default\">\n\t\t\t\t<div class=\"elementor-widget-container\">\n\t\t\t\t\t\t\t<div class=\"elementor-divider\">\n\t\t\t<span class=\"elementor-divider-separator\">\n\t\t\t\t\t\t<\/span>\n\t\t<\/div>\n\t\t\t\t\t\t<\/div>\n\t\t\t\t<\/div>\n\t\t\t\t<div class=\"elementor-element elementor-element-53e82ce4 elementor-widget elementor-widget-heading\" data-id=\"53e82ce4\" data-element_type=\"widget\" data-widget_type=\"heading.default\">\n\t\t\t\t<div class=\"elementor-widget-container\">\n\t\t\t\t\t<h2 class=\"elementor-heading-title elementor-size-default\">Grupo de Investigaci\u00f3n Ingenier\u00eda y Organizaci\u00f3n<\/h2>\t\t\t\t<\/div>\n\t\t\t\t<\/div>\n\t\t\t\t<div class=\"elementor-element elementor-element-19b61b03 elementor-widget elementor-widget-text-editor\" data-id=\"19b61b03\" data-element_type=\"widget\" data-widget_type=\"text-editor.default\">\n\t\t\t\t<div class=\"elementor-widget-container\">\n\t\t\t\t\t\t\t\t\t<p class=\"cvGsUA direction-ltr align-justify para-style-body\"><span class=\"OYPEnA text-decoration-none text-strikethrough-none\">La creaci\u00f3n de las l\u00edneas de investigaci\u00f3n enfocadas a la multiculturalidad y el desarrollo sostenible, surge de las necesidades propias del entorno en donde desde las diferentes disciplinas del conocimiento se espera un aporte propio al desarrollo de la humanidad dejando el menor impacto negativo posible para las pr\u00f3ximas generaciones. La Corporaci\u00f3n Universitaria Latinoamericana CUL se cimienta desde los principios de integraci\u00f3n social y cultural de ah\u00ed que se enfoque promover las investigaciones que toquen las tem\u00e1ticas de inclusi\u00f3n e integraci\u00f3n.<\/span><\/p>\n<p class=\"cvGsUA direction-ltr align-justify para-style-body\"><span class=\"OYPEnA text-decoration-none text-strikethrough-none\">El grupo GIIO se visiona como promotor de investigaciones cient\u00edficas y formativas desde la perspectiva de la Ingenier\u00eda, posicion\u00e1ndose en la comunidad acad\u00e9mica, local, regional e internacional por su contribuci\u00f3n en el desarrollo sostenible.<\/span><\/p>\t\t\t\t\t\t\t\t<\/div>\n\t\t\t\t<\/div>\n\t\t\t\t\t<\/div>\n\t\t<\/div>\n\t\t\t\t\t<\/div>\n\t\t<\/section>\n\t\t\t\t<\/div>\n\t\t","protected":false},"excerpt":{"rendered":"<p>L\u00edneas de investigaci\u00f3n Grupos de investigaci\u00f3n Grupo de Investigaci\u00f3n Ingenier\u00eda y Organizaci\u00f3n Grupo de Investigaci\u00f3n Social y Educaci\u00f3n Grupo de Sostenibilidad Organizacional en la Competitividad Grupo de Investigaci\u00f3n Ingenier\u00eda y Organizaci\u00f3n La creaci\u00f3n de las l\u00edneas de investigaci\u00f3n enfocadas a la multiculturalidad y el desarrollo sostenible, surge de las necesidades propias del entorno en donde &hellip;<\/p>\n<p class=\"read-more\"> <a class=\"\" href=\"https:\/\/virtual.ul.edu.co\/cul\/lineas-y-grupos-de-investigacion\/\"> <span class=\"screen-reader-text\">L\u00edneas y grupos de investigaci\u00f3n<\/span> Leer m\u00e1s &raquo;<\/a><\/p>\n","protected":false},"author":1,"featured_media":0,"parent":0,"menu_order":0,"comment_status":"closed","ping_status":"closed","template":"elementor_header_footer","meta":{"site-sidebar-layout":"default","site-content-layout":"default","ast-global-header-display":"","ast-main-header-display":"","ast-hfb-above-header-display":"","ast-hfb-below-header-display":"","ast-hfb-mobile-header-display":"","site-post-title":"","ast-breadcrumbs-content":"","ast-featured-img":"","footer-sml-layout":"","theme-transparent-header-meta":"","adv-header-id-meta":"","stick-header-meta":"","header-above-stick-meta":"","header-main-stick-meta":"","header-below-stick-meta":"","footnotes":""},"class_list":["post-1741","page","type-page","status-publish","hentry"],"_links":{"self":[{"href":"https:\/\/virtual.ul.edu.co\/cul\/wp-json\/wp\/v2\/pages\/1741","targetHints":{"allow":["GET"]}}],"collection":[{"href":"https:\/\/virtual.ul.edu.co\/cul\/wp-json\/wp\/v2\/pages"}],"about":[{"href":"https:\/\/virtual.ul.edu.co\/cul\/wp-json\/wp\/v2\/types\/page"}],"author":[{"embeddable":true,"href":"https:\/\/virtual.ul.edu.co\/cul\/wp-json\/wp\/v2\/users\/1"}],"replies":[{"embeddable":true,"href":"https:\/\/virtual.ul.edu.co\/cul\/wp-json\/wp\/v2\/comments?post=1741"}],"version-history":[{"count":19,"href":"https:\/\/virtual.ul.edu.co\/cul\/wp-json\/wp\/v2\/pages\/1741\/revisions"}],"predecessor-version":[{"id":1784,"href":"https:\/\/virtual.ul.edu.co\/cul\/wp-json\/wp\/v2\/pages\/1741\/revisions\/1784"}],"wp:attachment":[{"href":"https:\/\/virtual.ul.edu.co\/cul\/wp-json\/wp\/v2\/media?parent=1741"}],"curies":[{"name":"wp","href":"https:\/\/api.w.org\/{rel}","templated":true}]}}