{"id":1930,"date":"2024-07-08T20:44:05","date_gmt":"2024-07-09T01:44:05","guid":{"rendered":"https:\/\/mibcode.com\/cul\/?page_id=1930"},"modified":"2024-08-07T12:56:23","modified_gmt":"2024-08-07T17:56:23","slug":"cultura","status":"publish","type":"page","link":"https:\/\/virtual.ul.edu.co\/cul\/bienestar\/cultura\/","title":{"rendered":"Cultura"},"content":{"rendered":"\t\t<div data-elementor-type=\"wp-page\" data-elementor-id=\"1930\" class=\"elementor elementor-1930\">\n\t\t\t\t\t\t<section class=\"elementor-section elementor-top-section elementor-element elementor-element-979aff0 elementor-section-full_width elementor-section-height-default elementor-section-height-default\" data-id=\"979aff0\" data-element_type=\"section\">\n\t\t\t\t\t\t<div class=\"elementor-container elementor-column-gap-default\">\n\t\t\t\t\t<div class=\"elementor-column elementor-col-100 elementor-top-column elementor-element elementor-element-8f918e4\" data-id=\"8f918e4\" data-element_type=\"column\">\n\t\t\t<div class=\"elementor-widget-wrap elementor-element-populated\">\n\t\t\t\t\t\t<div class=\"elementor-element elementor-element-c9ff68e elementor-widget elementor-widget-image\" data-id=\"c9ff68e\" data-element_type=\"widget\" data-widget_type=\"image.default\">\n\t\t\t\t<div class=\"elementor-widget-container\">\n\t\t\t\t\t\t\t\t\t\t\t\t\t\t\t<img fetchpriority=\"high\" decoding=\"async\" width=\"1536\" height=\"274\" src=\"https:\/\/virtual.ul.edu.co\/cul\/wp-content\/uploads\/2024\/06\/IMG_6203-2-1536x274.jpg\" class=\"attachment-1536x1536 size-1536x1536 wp-image-1910\" alt=\"\" srcset=\"https:\/\/virtual.ul.edu.co\/cul\/wp-content\/uploads\/2024\/06\/IMG_6203-2-1536x274.jpg 1536w, https:\/\/virtual.ul.edu.co\/cul\/wp-content\/uploads\/2024\/06\/IMG_6203-2-300x54.jpg 300w, https:\/\/virtual.ul.edu.co\/cul\/wp-content\/uploads\/2024\/06\/IMG_6203-2-1024x183.jpg 1024w, https:\/\/virtual.ul.edu.co\/cul\/wp-content\/uploads\/2024\/06\/IMG_6203-2-768x137.jpg 768w, https:\/\/virtual.ul.edu.co\/cul\/wp-content\/uploads\/2024\/06\/IMG_6203-2-2048x365.jpg 2048w\" sizes=\"(max-width: 1536px) 100vw, 1536px\" \/>\t\t\t\t\t\t\t\t\t\t\t\t\t\t\t<\/div>\n\t\t\t\t<\/div>\n\t\t\t\t\t<\/div>\n\t\t<\/div>\n\t\t\t\t\t<\/div>\n\t\t<\/section>\n\t\t\t\t<section class=\"elementor-section elementor-top-section elementor-element elementor-element-53edee08 elementor-reverse-mobile elementor-section-boxed elementor-section-height-default elementor-section-height-default\" data-id=\"53edee08\" data-element_type=\"section\">\n\t\t\t\t\t\t<div class=\"elementor-container elementor-column-gap-default\">\n\t\t\t\t\t<div class=\"elementor-column elementor-col-50 elementor-top-column elementor-element elementor-element-76c18ff4 elementor-invisible\" data-id=\"76c18ff4\" data-element_type=\"column\" data-settings=\"{&quot;animation&quot;:&quot;fadeInLeft&quot;}\">\n\t\t\t<div class=\"elementor-widget-wrap elementor-element-populated\">\n\t\t\t\t\t\t<div class=\"elementor-element elementor-element-d69943f elementor-widget elementor-widget-heading\" data-id=\"d69943f\" data-element_type=\"widget\" data-widget_type=\"heading.default\">\n\t\t\t\t<div class=\"elementor-widget-container\">\n\t\t\t\t\t<h2 class=\"elementor-heading-title elementor-size-default\">Cultura<\/h2>\t\t\t\t<\/div>\n\t\t\t\t<\/div>\n\t\t\t\t<div class=\"elementor-element elementor-element-7953bb5c elementor-widget-divider--view-line elementor-invisible elementor-widget elementor-widget-divider\" data-id=\"7953bb5c\" data-element_type=\"widget\" data-settings=\"{&quot;_animation&quot;:&quot;fadeInRight&quot;,&quot;_animation_delay&quot;:300}\" data-widget_type=\"divider.default\">\n\t\t\t\t<div class=\"elementor-widget-container\">\n\t\t\t\t\t\t\t<div class=\"elementor-divider\">\n\t\t\t<span class=\"elementor-divider-separator\">\n\t\t\t\t\t\t<\/span>\n\t\t<\/div>\n\t\t\t\t\t\t<\/div>\n\t\t\t\t<\/div>\n\t\t\t\t<div class=\"elementor-element elementor-element-527a12a9 elementor-widget elementor-widget-text-editor\" data-id=\"527a12a9\" data-element_type=\"widget\" data-widget_type=\"text-editor.default\">\n\t\t\t\t<div class=\"elementor-widget-container\">\n\t\t\t\t\t\t\t\t\t<p class=\"cvGsUA direction-ltr align-justify para-style-body\"><span class=\"OYPEnA text-decoration-none text-strikethrough-none\">La Corporaci\u00f3n Universitaria Latinoamericana \u2013 CUL, desde la Vicerrector\u00eda de Bienestar Universitario en su \u00e1rea de cultura pretende promover y llevar a cabo diferentes manifestaciones del arte y la cultura mediante el desarrollo de programas, actividades y eventos que aporten a la formaci\u00f3n integral de la comunidad acad\u00e9mica, as\u00ed mismo, ayuda a fortalecer la identidad cultural, la cual hace parte fundamental en el desarrollo social de los ciudadanos.<\/span><\/p><p class=\"cvGsUA direction-ltr align-justify para-style-body\"><span class=\"OYPEnA text-decoration-none text-strikethrough-none\">Con estas pr\u00e1cticas culturales se busca tambi\u00e9n desarrollar el potencial de talento humano que posee la instituci\u00f3n, generando un compromiso de desarrollo y adem\u00e1s proporcionando la integralidad de cada uno de los participantes. Por lo anterior, el \u00e1rea de cultura genera espacios y ambientes propicios para el desarrollo de las habilidades art\u00edsticas de todos los miembros de la comunidad educativa institucional, adem\u00e1s, brinda los medios necesarios para alcanzar el bienestar de los estudiantes, empleados, docentes, egresados y familias de la comunidad.<\/span><\/p><p class=\"cvGsUA direction-ltr align-justify para-style-body\"><span class=\"OYPEnA text-decoration-none text-strikethrough-none\">La Corporaci\u00f3n Universitaria Latinoamericana &#8211; CUL, a trav\u00e9s de sus talleres de m\u00fasica folcl\u00f3rica ofrece a su comunidad estudiantil, la posibilidad de conocer e interpretar un n\u00famero importante de aires musicales y sus variantes existentes en la costa norte colombiana, que la ubica entre las m\u00e1s diversas y ricas a nivel mundial, contribuyendo enormemente en la formaci\u00f3n integral de sus estudiantes, fomentando espacios l\u00fadico-recreativos, en procura del mantenimiento y salvaguarda de estas manifestaciones musicales ancestrales y del crecimiento de la identidad propia y cultural.<\/span><\/p><p class=\"cvGsUA direction-ltr align-justify para-style-body\">\u00a0<\/p><p class=\"cvGsUA direction-ltr align-justify para-style-body\">\u00a0<\/p>\t\t\t\t\t\t\t\t<\/div>\n\t\t\t\t<\/div>\n\t\t\t\t\t<\/div>\n\t\t<\/div>\n\t\t\t\t<div class=\"elementor-column elementor-col-50 elementor-top-column elementor-element elementor-element-76e275e2 elementor-invisible\" data-id=\"76e275e2\" data-element_type=\"column\" data-settings=\"{&quot;animation&quot;:&quot;fadeInRight&quot;}\">\n\t\t\t<div class=\"elementor-widget-wrap elementor-element-populated\">\n\t\t\t\t\t\t<section class=\"elementor-section elementor-inner-section elementor-element elementor-element-636d3b5 elementor-section-boxed elementor-section-height-default elementor-section-height-default\" data-id=\"636d3b5\" data-element_type=\"section\">\n\t\t\t\t\t\t<div class=\"elementor-container elementor-column-gap-default\">\n\t\t\t\t\t<div class=\"elementor-column elementor-col-100 elementor-inner-column elementor-element elementor-element-ba461f3\" data-id=\"ba461f3\" data-element_type=\"column\">\n\t\t\t<div class=\"elementor-widget-wrap elementor-element-populated\">\n\t\t\t\t\t\t<div class=\"elementor-element elementor-element-7dd3fe1 elementor-widget elementor-widget-text-editor\" data-id=\"7dd3fe1\" data-element_type=\"widget\" data-widget_type=\"text-editor.default\">\n\t\t\t\t<div class=\"elementor-widget-container\">\n\t\t\t\t\t\t\t\t\t<p><span class=\"OYPEnA text-decoration-none text-strikethrough-none\">En la l\u00ednea de acci\u00f3n de Cultura se encuentran 2 estrategias, las cuales son:<\/span><\/p>\t\t\t\t\t\t\t\t<\/div>\n\t\t\t\t<\/div>\n\t\t\t\t\t<\/div>\n\t\t<\/div>\n\t\t\t\t\t<\/div>\n\t\t<\/section>\n\t\t\t\t<section class=\"elementor-section elementor-inner-section elementor-element elementor-element-87d4a8c elementor-section-boxed elementor-section-height-default elementor-section-height-default\" data-id=\"87d4a8c\" data-element_type=\"section\" data-settings=\"{&quot;background_background&quot;:&quot;classic&quot;}\">\n\t\t\t\t\t\t<div class=\"elementor-container elementor-column-gap-default\">\n\t\t\t\t\t<div class=\"elementor-column elementor-col-100 elementor-inner-column elementor-element elementor-element-37c9a86\" data-id=\"37c9a86\" data-element_type=\"column\">\n\t\t\t<div class=\"elementor-widget-wrap elementor-element-populated\">\n\t\t\t\t\t\t<div class=\"elementor-element elementor-element-95774f9 elementor-widget elementor-widget-heading\" data-id=\"95774f9\" data-element_type=\"widget\" data-widget_type=\"heading.default\">\n\t\t\t\t<div class=\"elementor-widget-container\">\n\t\t\t\t\t<h2 class=\"elementor-heading-title elementor-size-default\">Clases formativas<\/h2>\t\t\t\t<\/div>\n\t\t\t\t<\/div>\n\t\t\t\t<div class=\"elementor-element elementor-element-ac96de0 elementor-widget elementor-widget-text-editor\" data-id=\"ac96de0\" data-element_type=\"widget\" data-widget_type=\"text-editor.default\">\n\t\t\t\t<div class=\"elementor-widget-container\">\n\t\t\t\t\t\t\t\t\t<p class=\"cvGsUA direction-ltr align-center para-style-body\"><span class=\"OYPEnA text-decoration-none text-strikethrough-none\">Clases formativas culturales; grupo base de cultura: bajo esta estrategia se encuentran actividades como:<\/span><\/p>\t\t\t\t\t\t\t\t<\/div>\n\t\t\t\t<\/div>\n\t\t\t\t<div class=\"elementor-element elementor-element-b5ea689 elementor-align-center elementor-icon-list--layout-traditional elementor-list-item-link-full_width elementor-widget elementor-widget-icon-list\" data-id=\"b5ea689\" data-element_type=\"widget\" data-widget_type=\"icon-list.default\">\n\t\t\t\t<div class=\"elementor-widget-container\">\n\t\t\t\t\t\t\t<ul class=\"elementor-icon-list-items\">\n\t\t\t\t\t\t\t<li class=\"elementor-icon-list-item\">\n\t\t\t\t\t\t\t\t\t\t\t<span class=\"elementor-icon-list-icon\">\n\t\t\t\t\t\t\t<i aria-hidden=\"true\" class=\"fas fa-check\"><\/i>\t\t\t\t\t\t<\/span>\n\t\t\t\t\t\t\t\t\t\t<span class=\"elementor-icon-list-text\">Clases de danza<\/span>\n\t\t\t\t\t\t\t\t\t<\/li>\n\t\t\t\t\t\t\t\t<li class=\"elementor-icon-list-item\">\n\t\t\t\t\t\t\t\t\t\t\t<span class=\"elementor-icon-list-icon\">\n\t\t\t\t\t\t\t<i aria-hidden=\"true\" class=\"fas fa-check\"><\/i>\t\t\t\t\t\t<\/span>\n\t\t\t\t\t\t\t\t\t\t<span class=\"elementor-icon-list-text\">Clases de m\u00fasica folcl\u00f3rica<\/span>\n\t\t\t\t\t\t\t\t\t<\/li>\n\t\t\t\t\t\t<\/ul>\n\t\t\t\t\t\t<\/div>\n\t\t\t\t<\/div>\n\t\t\t\t\t<\/div>\n\t\t<\/div>\n\t\t\t\t\t<\/div>\n\t\t<\/section>\n\t\t\t\t<section class=\"elementor-section elementor-inner-section elementor-element elementor-element-c2cab89 elementor-section-boxed elementor-section-height-default elementor-section-height-default\" data-id=\"c2cab89\" data-element_type=\"section\" data-settings=\"{&quot;background_background&quot;:&quot;classic&quot;}\">\n\t\t\t\t\t\t<div class=\"elementor-container elementor-column-gap-default\">\n\t\t\t\t\t<div class=\"elementor-column elementor-col-100 elementor-inner-column elementor-element elementor-element-330239f\" data-id=\"330239f\" data-element_type=\"column\">\n\t\t\t<div class=\"elementor-widget-wrap elementor-element-populated\">\n\t\t\t\t\t\t<div class=\"elementor-element elementor-element-ac38ecb elementor-widget elementor-widget-heading\" data-id=\"ac38ecb\" data-element_type=\"widget\" data-widget_type=\"heading.default\">\n\t\t\t\t<div class=\"elementor-widget-container\">\n\t\t\t\t\t<h2 class=\"elementor-heading-title elementor-size-default\">Recre Cultura:<\/h2>\t\t\t\t<\/div>\n\t\t\t\t<\/div>\n\t\t\t\t<div class=\"elementor-element elementor-element-a4d2067 elementor-widget elementor-widget-text-editor\" data-id=\"a4d2067\" data-element_type=\"widget\" data-widget_type=\"text-editor.default\">\n\t\t\t\t<div class=\"elementor-widget-container\">\n\t\t\t\t\t\t\t\t\t<p class=\"cvGsUA direction-ltr align-center para-style-body\"><span class=\"OYPEnA text-decoration-none text-strikethrough-none\">Clases formativas culturales; grupo base de cultura: bajo esta estrategia se encuentran actividades como:<\/span><\/p>\t\t\t\t\t\t\t\t<\/div>\n\t\t\t\t<\/div>\n\t\t\t\t<div class=\"elementor-element elementor-element-f58943f elementor-icon-list--layout-inline elementor-align-center elementor-list-item-link-full_width elementor-widget elementor-widget-icon-list\" data-id=\"f58943f\" data-element_type=\"widget\" data-widget_type=\"icon-list.default\">\n\t\t\t\t<div class=\"elementor-widget-container\">\n\t\t\t\t\t\t\t<ul class=\"elementor-icon-list-items elementor-inline-items\">\n\t\t\t\t\t\t\t<li class=\"elementor-icon-list-item elementor-inline-item\">\n\t\t\t\t\t\t\t\t\t\t\t<span class=\"elementor-icon-list-icon\">\n\t\t\t\t\t\t\t<i aria-hidden=\"true\" class=\"fas fa-check\"><\/i>\t\t\t\t\t\t<\/span>\n\t\t\t\t\t\t\t\t\t\t<span class=\"elementor-icon-list-text\">Bumerang                     <\/span>\n\t\t\t\t\t\t\t\t\t<\/li>\n\t\t\t\t\t\t\t\t<li class=\"elementor-icon-list-item elementor-inline-item\">\n\t\t\t\t\t\t\t\t\t\t\t<span class=\"elementor-icon-list-icon\">\n\t\t\t\t\t\t\t<i aria-hidden=\"true\" class=\"fas fa-check\"><\/i>\t\t\t\t\t\t<\/span>\n\t\t\t\t\t\t\t\t\t\t<span class=\"elementor-icon-list-text\">Gesti\u00f3n social y cultura<\/span>\n\t\t\t\t\t\t\t\t\t<\/li>\n\t\t\t\t\t\t\t\t<li class=\"elementor-icon-list-item elementor-inline-item\">\n\t\t\t\t\t\t\t\t\t\t\t<span class=\"elementor-icon-list-icon\">\n\t\t\t\t\t\t\t<i aria-hidden=\"true\" class=\"fas fa-check\"><\/i>\t\t\t\t\t\t<\/span>\n\t\t\t\t\t\t\t\t\t\t<span class=\"elementor-icon-list-text\">Noche de Luna Folcl\u00f3rica<\/span>\n\t\t\t\t\t\t\t\t\t<\/li>\n\t\t\t\t\t\t\t\t<li class=\"elementor-icon-list-item elementor-inline-item\">\n\t\t\t\t\t\t\t\t\t\t\t<span class=\"elementor-icon-list-icon\">\n\t\t\t\t\t\t\t<i aria-hidden=\"true\" class=\"fas fa-check\"><\/i>\t\t\t\t\t\t<\/span>\n\t\t\t\t\t\t\t\t\t\t<span class=\"elementor-icon-list-text\">Marat\u00f3n bailable<\/span>\n\t\t\t\t\t\t\t\t\t<\/li>\n\t\t\t\t\t\t\t\t<li class=\"elementor-icon-list-item elementor-inline-item\">\n\t\t\t\t\t\t\t\t\t\t\t<span class=\"elementor-icon-list-icon\">\n\t\t\t\t\t\t\t<i aria-hidden=\"true\" class=\"fas fa-check\"><\/i>\t\t\t\t\t\t<\/span>\n\t\t\t\t\t\t\t\t\t\t<span class=\"elementor-icon-list-text\">Rumbaterapia                     <\/span>\n\t\t\t\t\t\t\t\t\t<\/li>\n\t\t\t\t\t\t\t\t<li class=\"elementor-icon-list-item elementor-inline-item\">\n\t\t\t\t\t\t\t\t\t\t\t<span class=\"elementor-icon-list-icon\">\n\t\t\t\t\t\t\t<i aria-hidden=\"true\" class=\"fas fa-check\"><\/i>\t\t\t\t\t\t<\/span>\n\t\t\t\t\t\t\t\t\t\t<span class=\"elementor-icon-list-text\">Talleres de danza<\/span>\n\t\t\t\t\t\t\t\t\t<\/li>\n\t\t\t\t\t\t\t\t<li class=\"elementor-icon-list-item elementor-inline-item\">\n\t\t\t\t\t\t\t\t\t\t\t<span class=\"elementor-icon-list-icon\">\n\t\t\t\t\t\t\t<i aria-hidden=\"true\" class=\"fas fa-check\"><\/i>\t\t\t\t\t\t<\/span>\n\t\t\t\t\t\t\t\t\t\t<span class=\"elementor-icon-list-text\">Marat\u00f3n bailable<\/span>\n\t\t\t\t\t\t\t\t\t<\/li>\n\t\t\t\t\t\t\t\t<li class=\"elementor-icon-list-item elementor-inline-item\">\n\t\t\t\t\t\t\t\t\t\t\t<span class=\"elementor-icon-list-icon\">\n\t\t\t\t\t\t\t<i aria-hidden=\"true\" class=\"fas fa-check\"><\/i>\t\t\t\t\t\t<\/span>\n\t\t\t\t\t\t\t\t\t\t<span class=\"elementor-icon-list-text\">Interculturalidad <\/span>\n\t\t\t\t\t\t\t\t\t<\/li>\n\t\t\t\t\t\t<\/ul>\n\t\t\t\t\t\t<\/div>\n\t\t\t\t<\/div>\n\t\t\t\t\t<\/div>\n\t\t<\/div>\n\t\t\t\t\t<\/div>\n\t\t<\/section>\n\t\t\t\t\t<\/div>\n\t\t<\/div>\n\t\t\t\t\t<\/div>\n\t\t<\/section>\n\t\t\t\t<section class=\"elementor-section elementor-top-section elementor-element elementor-element-9513751 elementor-section-boxed elementor-section-height-default elementor-section-height-default\" data-id=\"9513751\" data-element_type=\"section\">\n\t\t\t\t\t\t<div class=\"elementor-container elementor-column-gap-default\">\n\t\t\t\t\t<div class=\"elementor-column elementor-col-100 elementor-top-column elementor-element elementor-element-47fecc2\" data-id=\"47fecc2\" data-element_type=\"column\">\n\t\t\t<div class=\"elementor-widget-wrap elementor-element-populated\">\n\t\t\t\t\t\t<div class=\"elementor-element elementor-element-99d54e0 elementor-widget elementor-widget-image\" data-id=\"99d54e0\" data-element_type=\"widget\" data-widget_type=\"image.default\">\n\t\t\t\t<div class=\"elementor-widget-container\">\n\t\t\t\t\t\t\t\t\t\t\t\t\t\t\t<img decoding=\"async\" width=\"1024\" height=\"1024\" src=\"https:\/\/virtual.ul.edu.co\/cul\/wp-content\/uploads\/2024\/08\/CARTELERA-CULTURA-Y-DEPORTE-1024x1024.png\" class=\"attachment-large size-large wp-image-1948\" alt=\"\" srcset=\"https:\/\/virtual.ul.edu.co\/cul\/wp-content\/uploads\/2024\/08\/CARTELERA-CULTURA-Y-DEPORTE-1024x1024.png 1024w, https:\/\/virtual.ul.edu.co\/cul\/wp-content\/uploads\/2024\/08\/CARTELERA-CULTURA-Y-DEPORTE-300x300.png 300w, https:\/\/virtual.ul.edu.co\/cul\/wp-content\/uploads\/2024\/08\/CARTELERA-CULTURA-Y-DEPORTE-150x150.png 150w, https:\/\/virtual.ul.edu.co\/cul\/wp-content\/uploads\/2024\/08\/CARTELERA-CULTURA-Y-DEPORTE-768x768.png 768w, https:\/\/virtual.ul.edu.co\/cul\/wp-content\/uploads\/2024\/08\/CARTELERA-CULTURA-Y-DEPORTE.png 1418w\" sizes=\"(max-width: 1024px) 100vw, 1024px\" \/>\t\t\t\t\t\t\t\t\t\t\t\t\t\t\t<\/div>\n\t\t\t\t<\/div>\n\t\t\t\t\t<\/div>\n\t\t<\/div>\n\t\t\t\t\t<\/div>\n\t\t<\/section>\n\t\t\t\t<\/div>\n\t\t","protected":false},"excerpt":{"rendered":"<p>Cultura La Corporaci\u00f3n Universitaria Latinoamericana \u2013 CUL, desde la Vicerrector\u00eda de Bienestar Universitario en su \u00e1rea de cultura pretende promover y llevar a cabo diferentes manifestaciones del arte y la cultura mediante el desarrollo de programas, actividades y eventos que aporten a la formaci\u00f3n integral de la comunidad acad\u00e9mica, as\u00ed mismo, ayuda a fortalecer la &hellip;<\/p>\n<p class=\"read-more\"> <a class=\"\" href=\"https:\/\/virtual.ul.edu.co\/cul\/bienestar\/cultura\/\"> <span class=\"screen-reader-text\">Cultura<\/span> Leer m\u00e1s &raquo;<\/a><\/p>\n","protected":false},"author":1,"featured_media":0,"parent":1883,"menu_order":0,"comment_status":"closed","ping_status":"closed","template":"elementor_header_footer","meta":{"site-sidebar-layout":"no-sidebar","site-content-layout":"page-builder","ast-global-header-display":"","ast-main-header-display":"","ast-hfb-above-header-display":"","ast-hfb-below-header-display":"","ast-hfb-mobile-header-display":"","site-post-title":"disabled","ast-breadcrumbs-content":"","ast-featured-img":"disabled","footer-sml-layout":"","theme-transparent-header-meta":"","adv-header-id-meta":"","stick-header-meta":"","header-above-stick-meta":"","header-main-stick-meta":"","header-below-stick-meta":"","footnotes":""},"class_list":["post-1930","page","type-page","status-publish","hentry"],"_links":{"self":[{"href":"https:\/\/virtual.ul.edu.co\/cul\/wp-json\/wp\/v2\/pages\/1930","targetHints":{"allow":["GET"]}}],"collection":[{"href":"https:\/\/virtual.ul.edu.co\/cul\/wp-json\/wp\/v2\/pages"}],"about":[{"href":"https:\/\/virtual.ul.edu.co\/cul\/wp-json\/wp\/v2\/types\/page"}],"author":[{"embeddable":true,"href":"https:\/\/virtual.ul.edu.co\/cul\/wp-json\/wp\/v2\/users\/1"}],"replies":[{"embeddable":true,"href":"https:\/\/virtual.ul.edu.co\/cul\/wp-json\/wp\/v2\/comments?post=1930"}],"version-history":[{"count":4,"href":"https:\/\/virtual.ul.edu.co\/cul\/wp-json\/wp\/v2\/pages\/1930\/revisions"}],"predecessor-version":[{"id":1954,"href":"https:\/\/virtual.ul.edu.co\/cul\/wp-json\/wp\/v2\/pages\/1930\/revisions\/1954"}],"up":[{"embeddable":true,"href":"https:\/\/virtual.ul.edu.co\/cul\/wp-json\/wp\/v2\/pages\/1883"}],"wp:attachment":[{"href":"https:\/\/virtual.ul.edu.co\/cul\/wp-json\/wp\/v2\/media?parent=1930"}],"curies":[{"name":"wp","href":"https:\/\/api.w.org\/{rel}","templated":true}]}}