{"id":1991,"date":"2024-08-07T14:29:26","date_gmt":"2024-08-07T19:29:26","guid":{"rendered":"https:\/\/mibcode.com\/cul\/?page_id=1991"},"modified":"2024-08-07T15:26:29","modified_gmt":"2024-08-07T20:26:29","slug":"salud","status":"publish","type":"page","link":"https:\/\/virtual.ul.edu.co\/cul\/bienestar\/salud\/","title":{"rendered":"Salud"},"content":{"rendered":"\t\t<div data-elementor-type=\"wp-page\" data-elementor-id=\"1991\" class=\"elementor elementor-1991\">\n\t\t\t\t\t\t<section class=\"elementor-section elementor-top-section elementor-element elementor-element-979aff0 elementor-section-full_width elementor-section-height-default elementor-section-height-default\" data-id=\"979aff0\" data-element_type=\"section\">\n\t\t\t\t\t\t<div class=\"elementor-container elementor-column-gap-default\">\n\t\t\t\t\t<div class=\"elementor-column elementor-col-100 elementor-top-column elementor-element elementor-element-8f918e4\" data-id=\"8f918e4\" data-element_type=\"column\">\n\t\t\t<div class=\"elementor-widget-wrap elementor-element-populated\">\n\t\t\t\t\t\t<div class=\"elementor-element elementor-element-c9ff68e elementor-widget elementor-widget-image\" data-id=\"c9ff68e\" data-element_type=\"widget\" data-widget_type=\"image.default\">\n\t\t\t\t<div class=\"elementor-widget-container\">\n\t\t\t\t\t\t\t\t\t\t\t\t\t\t\t<img fetchpriority=\"high\" decoding=\"async\" width=\"2048\" height=\"395\" src=\"https:\/\/virtual.ul.edu.co\/cul\/wp-content\/uploads\/2024\/08\/medical-banner-with-stethoscope-scaled-e1723059305487-2048x395.jpg\" class=\"attachment-2048x2048 size-2048x2048 wp-image-1995\" alt=\"\" srcset=\"https:\/\/virtual.ul.edu.co\/cul\/wp-content\/uploads\/2024\/08\/medical-banner-with-stethoscope-scaled-e1723059305487-2048x395.jpg 2048w, https:\/\/virtual.ul.edu.co\/cul\/wp-content\/uploads\/2024\/08\/medical-banner-with-stethoscope-scaled-e1723059305487-300x58.jpg 300w, https:\/\/virtual.ul.edu.co\/cul\/wp-content\/uploads\/2024\/08\/medical-banner-with-stethoscope-scaled-e1723059305487-1024x198.jpg 1024w, https:\/\/virtual.ul.edu.co\/cul\/wp-content\/uploads\/2024\/08\/medical-banner-with-stethoscope-scaled-e1723059305487-768x148.jpg 768w, https:\/\/virtual.ul.edu.co\/cul\/wp-content\/uploads\/2024\/08\/medical-banner-with-stethoscope-scaled-e1723059305487-1536x296.jpg 1536w\" sizes=\"(max-width: 2048px) 100vw, 2048px\" \/>\t\t\t\t\t\t\t\t\t\t\t\t\t\t\t<\/div>\n\t\t\t\t<\/div>\n\t\t\t\t\t<\/div>\n\t\t<\/div>\n\t\t\t\t\t<\/div>\n\t\t<\/section>\n\t\t\t\t<section class=\"elementor-section elementor-top-section elementor-element elementor-element-0d3a2a4 elementor-section-boxed elementor-section-height-default elementor-section-height-default\" data-id=\"0d3a2a4\" data-element_type=\"section\">\n\t\t\t\t\t\t<div class=\"elementor-container elementor-column-gap-default\">\n\t\t\t\t\t<div class=\"elementor-column elementor-col-50 elementor-top-column elementor-element elementor-element-5be2f8f\" data-id=\"5be2f8f\" data-element_type=\"column\">\n\t\t\t<div class=\"elementor-widget-wrap elementor-element-populated\">\n\t\t\t\t\t\t<section class=\"elementor-section elementor-inner-section elementor-element elementor-element-8622756 elementor-section-boxed elementor-section-height-default elementor-section-height-default\" data-id=\"8622756\" data-element_type=\"section\">\n\t\t\t\t\t\t<div class=\"elementor-container elementor-column-gap-default\">\n\t\t\t\t\t<div class=\"elementor-column elementor-col-100 elementor-inner-column elementor-element elementor-element-821ace1\" data-id=\"821ace1\" data-element_type=\"column\" data-settings=\"{&quot;background_background&quot;:&quot;classic&quot;}\">\n\t\t\t<div class=\"elementor-widget-wrap elementor-element-populated\">\n\t\t\t\t\t\t<div class=\"elementor-element elementor-element-6695344 elementor-widget elementor-widget-text-editor\" data-id=\"6695344\" data-element_type=\"widget\" data-widget_type=\"text-editor.default\">\n\t\t\t\t<div class=\"elementor-widget-container\">\n\t\t\t\t\t\t\t\t\t<p class=\"cvGsUA direction-ltr align-justify para-style-body\"><span class=\"OYPEnA font-feature-liga-off font-feature-clig-off font-feature-calt-off text-decoration-none text-strikethrough-none\">El proceso de Salud del departamento de Bienestar Universitario, se encarga de velar por el cumplimiento del plan de atenci\u00f3n m\u00e9dica establecido para la comunidad institucional en situaciones de emergencia, trabajando desde el enfoque de promoci\u00f3n y prevenci\u00f3n con el fin de incentivar un estilo de vida saludable.<\/span><\/p><p class=\"cvGsUA direction-ltr align-justify para-style-body\"><span class=\"OYPEnA font-feature-liga-off font-feature-clig-off font-feature-calt-off text-decoration-none text-strikethrough-none\">La misi\u00f3n de esta \u00e1rea se ve reflejada a trav\u00e9s de sus diferentes servicios, que buscan el bienestar de toda la comunidad de la Corporaci\u00f3n Universitaria Latinoam\u00e9rica (CUL) dentro de su contexto educativo.<\/span><\/p>\t\t\t\t\t\t\t\t<\/div>\n\t\t\t\t<\/div>\n\t\t\t\t\t<\/div>\n\t\t<\/div>\n\t\t\t\t\t<\/div>\n\t\t<\/section>\n\t\t\t\t<section class=\"elementor-section elementor-inner-section elementor-element elementor-element-140803e elementor-section-boxed elementor-section-height-default elementor-section-height-default\" data-id=\"140803e\" data-element_type=\"section\" data-settings=\"{&quot;background_background&quot;:&quot;classic&quot;}\">\n\t\t\t\t\t\t<div class=\"elementor-container elementor-column-gap-default\">\n\t\t\t\t\t<div class=\"elementor-column elementor-col-50 elementor-inner-column elementor-element elementor-element-b87cc47\" data-id=\"b87cc47\" data-element_type=\"column\">\n\t\t\t<div class=\"elementor-widget-wrap elementor-element-populated\">\n\t\t\t\t\t\t<div class=\"elementor-element elementor-element-efa2d62 elementor-widget elementor-widget-image\" data-id=\"efa2d62\" data-element_type=\"widget\" data-widget_type=\"image.default\">\n\t\t\t\t<div class=\"elementor-widget-container\">\n\t\t\t\t\t\t\t\t\t\t\t\t\t\t\t<img decoding=\"async\" width=\"1024\" height=\"1024\" src=\"https:\/\/virtual.ul.edu.co\/cul\/wp-content\/uploads\/2024\/08\/medical-banner-with-stethoscope-1-1024x1024.jpg\" class=\"attachment-large size-large wp-image-1999\" alt=\"\" srcset=\"https:\/\/virtual.ul.edu.co\/cul\/wp-content\/uploads\/2024\/08\/medical-banner-with-stethoscope-1-1024x1024.jpg 1024w, https:\/\/virtual.ul.edu.co\/cul\/wp-content\/uploads\/2024\/08\/medical-banner-with-stethoscope-1-300x300.jpg 300w, https:\/\/virtual.ul.edu.co\/cul\/wp-content\/uploads\/2024\/08\/medical-banner-with-stethoscope-1-150x150.jpg 150w, https:\/\/virtual.ul.edu.co\/cul\/wp-content\/uploads\/2024\/08\/medical-banner-with-stethoscope-1-768x768.jpg 768w, https:\/\/virtual.ul.edu.co\/cul\/wp-content\/uploads\/2024\/08\/medical-banner-with-stethoscope-1-1536x1536.jpg 1536w, https:\/\/virtual.ul.edu.co\/cul\/wp-content\/uploads\/2024\/08\/medical-banner-with-stethoscope-1-2048x2048.jpg 2048w\" sizes=\"(max-width: 1024px) 100vw, 1024px\" \/>\t\t\t\t\t\t\t\t\t\t\t\t\t\t\t<\/div>\n\t\t\t\t<\/div>\n\t\t\t\t\t<\/div>\n\t\t<\/div>\n\t\t\t\t<div class=\"elementor-column elementor-col-50 elementor-inner-column elementor-element elementor-element-92a88a2\" data-id=\"92a88a2\" data-element_type=\"column\">\n\t\t\t<div class=\"elementor-widget-wrap elementor-element-populated\">\n\t\t\t\t\t\t<div class=\"elementor-element elementor-element-b1084a9 elementor-widget elementor-widget-text-editor\" data-id=\"b1084a9\" data-element_type=\"widget\" data-widget_type=\"text-editor.default\">\n\t\t\t\t<div class=\"elementor-widget-container\">\n\t\t\t\t\t\t\t\t\t<p>La asesor\u00eda en planificaci\u00f3n es un espacio que busca proporcionar los conocimientos con relaci\u00f3n a la salud sexual y reproductiva. Su objetivo principal es educar sobre los diferentes m\u00e9todos de planificaci\u00f3n para la prevenci\u00f3n de embarazos no deseados y brindar una orientaci\u00f3n sobre el uso correcto del preservativo, todo ello con el fin de prevenir infecciones de transmisi\u00f3n sexual.<\/p>\t\t\t\t\t\t\t\t<\/div>\n\t\t\t\t<\/div>\n\t\t\t\t\t<\/div>\n\t\t<\/div>\n\t\t\t\t\t<\/div>\n\t\t<\/section>\n\t\t\t\t\t<\/div>\n\t\t<\/div>\n\t\t\t\t<div class=\"elementor-column elementor-col-50 elementor-top-column elementor-element elementor-element-7d0daa0\" data-id=\"7d0daa0\" data-element_type=\"column\">\n\t\t\t<div class=\"elementor-widget-wrap elementor-element-populated\">\n\t\t\t\t\t\t<section class=\"elementor-section elementor-inner-section elementor-element elementor-element-cc33c29 elementor-section-boxed elementor-section-height-default elementor-section-height-default\" data-id=\"cc33c29\" data-element_type=\"section\">\n\t\t\t\t\t\t<div class=\"elementor-container elementor-column-gap-default\">\n\t\t\t\t\t<div class=\"elementor-column elementor-col-50 elementor-inner-column elementor-element elementor-element-6a8e4d9\" data-id=\"6a8e4d9\" data-element_type=\"column\">\n\t\t\t<div class=\"elementor-widget-wrap elementor-element-populated\">\n\t\t\t\t\t\t<div class=\"elementor-element elementor-element-f4ab103 elementor-widget elementor-widget-image\" data-id=\"f4ab103\" data-element_type=\"widget\" data-widget_type=\"image.default\">\n\t\t\t\t<div class=\"elementor-widget-container\">\n\t\t\t\t\t\t\t\t\t\t\t\t\t\t\t<img decoding=\"async\" width=\"1024\" height=\"768\" src=\"https:\/\/virtual.ul.edu.co\/cul\/wp-content\/uploads\/2024\/08\/DSC02219-1024x768.jpg\" class=\"attachment-large size-large wp-image-2000\" alt=\"\" srcset=\"https:\/\/virtual.ul.edu.co\/cul\/wp-content\/uploads\/2024\/08\/DSC02219-1024x768.jpg 1024w, https:\/\/virtual.ul.edu.co\/cul\/wp-content\/uploads\/2024\/08\/DSC02219-300x225.jpg 300w, https:\/\/virtual.ul.edu.co\/cul\/wp-content\/uploads\/2024\/08\/DSC02219-768x576.jpg 768w, https:\/\/virtual.ul.edu.co\/cul\/wp-content\/uploads\/2024\/08\/DSC02219-1536x1152.jpg 1536w, https:\/\/virtual.ul.edu.co\/cul\/wp-content\/uploads\/2024\/08\/DSC02219-2048x1536.jpg 2048w\" sizes=\"(max-width: 1024px) 100vw, 1024px\" \/>\t\t\t\t\t\t\t\t\t\t\t\t\t\t\t<\/div>\n\t\t\t\t<\/div>\n\t\t\t\t<div class=\"elementor-element elementor-element-15d26ca elementor-widget elementor-widget-image\" data-id=\"15d26ca\" data-element_type=\"widget\" data-widget_type=\"image.default\">\n\t\t\t\t<div class=\"elementor-widget-container\">\n\t\t\t\t\t\t\t\t\t\t\t\t\t\t\t<img loading=\"lazy\" decoding=\"async\" width=\"1024\" height=\"768\" src=\"https:\/\/virtual.ul.edu.co\/cul\/wp-content\/uploads\/2024\/08\/DSC02212-1024x768.jpg\" class=\"attachment-large size-large wp-image-2001\" alt=\"\" srcset=\"https:\/\/virtual.ul.edu.co\/cul\/wp-content\/uploads\/2024\/08\/DSC02212-1024x768.jpg 1024w, https:\/\/virtual.ul.edu.co\/cul\/wp-content\/uploads\/2024\/08\/DSC02212-300x225.jpg 300w, https:\/\/virtual.ul.edu.co\/cul\/wp-content\/uploads\/2024\/08\/DSC02212-768x576.jpg 768w, https:\/\/virtual.ul.edu.co\/cul\/wp-content\/uploads\/2024\/08\/DSC02212-1536x1152.jpg 1536w, https:\/\/virtual.ul.edu.co\/cul\/wp-content\/uploads\/2024\/08\/DSC02212-2048x1536.jpg 2048w\" sizes=\"(max-width: 1024px) 100vw, 1024px\" \/>\t\t\t\t\t\t\t\t\t\t\t\t\t\t\t<\/div>\n\t\t\t\t<\/div>\n\t\t\t\t\t<\/div>\n\t\t<\/div>\n\t\t\t\t<div class=\"elementor-column elementor-col-50 elementor-inner-column elementor-element elementor-element-41d2a90\" data-id=\"41d2a90\" data-element_type=\"column\">\n\t\t\t<div class=\"elementor-widget-wrap elementor-element-populated\">\n\t\t\t\t\t\t<div class=\"elementor-element elementor-element-af7cf39 elementor-widget elementor-widget-text-editor\" data-id=\"af7cf39\" data-element_type=\"widget\" data-widget_type=\"text-editor.default\">\n\t\t\t\t<div class=\"elementor-widget-container\">\n\t\t\t\t\t\t\t\t\t<p class=\"cvGsUA direction-ltr align-justify para-style-body\"><span class=\"OYPEnA font-feature-liga-off font-feature-clig-off font-feature-calt-off text-decoration-none text-strikethrough-none\">La cultura de Autocuidado hace referencia a las distintas acciones que se realizan en la vida diaria enfocadas a mejorar y desarrollar comportamientos de cuidado, autocuidado y salud integral, por lo cual el Departamento de Bienestar Universitario promueve actividades de promoci\u00f3n y prevenci\u00f3n que buscan disminuir los riesgos de enfermedades y accidentalidad en la comunidad educativa.<\/span><\/p><p class=\"cvGsUA direction-ltr align-justify para-style-body\"><span class=\"OYPEnA font-feature-liga-off font-feature-clig-off font-feature-calt-off text-decoration-none text-strikethrough-none\">Las actividades de Autocuidado que se efect\u00faan desde el \u00e1rea de salud de la Corporaci\u00f3n Universitaria Latinoam\u00e9rica CUL, se focaliza en cuatro frentes de acuerdo con las necesidades poblacionales:<\/span><\/p>\t\t\t\t\t\t\t\t<\/div>\n\t\t\t\t<\/div>\n\t\t\t\t\t<\/div>\n\t\t<\/div>\n\t\t\t\t\t<\/div>\n\t\t<\/section>\n\t\t\t\t\t<\/div>\n\t\t<\/div>\n\t\t\t\t\t<\/div>\n\t\t<\/section>\n\t\t\t\t<\/div>\n\t\t","protected":false},"excerpt":{"rendered":"<p>El proceso de Salud del departamento de Bienestar Universitario, se encarga de velar por el cumplimiento del plan de atenci\u00f3n m\u00e9dica establecido para la comunidad institucional en situaciones de emergencia, trabajando desde el enfoque de promoci\u00f3n y prevenci\u00f3n con el fin de incentivar un estilo de vida saludable. La misi\u00f3n de esta \u00e1rea se ve &hellip;<\/p>\n<p class=\"read-more\"> <a class=\"\" href=\"https:\/\/virtual.ul.edu.co\/cul\/bienestar\/salud\/\"> <span class=\"screen-reader-text\">Salud<\/span> Leer m\u00e1s &raquo;<\/a><\/p>\n","protected":false},"author":1,"featured_media":0,"parent":1883,"menu_order":0,"comment_status":"closed","ping_status":"closed","template":"elementor_header_footer","meta":{"site-sidebar-layout":"no-sidebar","site-content-layout":"page-builder","ast-global-header-display":"","ast-main-header-display":"","ast-hfb-above-header-display":"","ast-hfb-below-header-display":"","ast-hfb-mobile-header-display":"","site-post-title":"disabled","ast-breadcrumbs-content":"","ast-featured-img":"disabled","footer-sml-layout":"","theme-transparent-header-meta":"","adv-header-id-meta":"","stick-header-meta":"","header-above-stick-meta":"","header-main-stick-meta":"","header-below-stick-meta":"","footnotes":""},"class_list":["post-1991","page","type-page","status-publish","hentry"],"_links":{"self":[{"href":"https:\/\/virtual.ul.edu.co\/cul\/wp-json\/wp\/v2\/pages\/1991","targetHints":{"allow":["GET"]}}],"collection":[{"href":"https:\/\/virtual.ul.edu.co\/cul\/wp-json\/wp\/v2\/pages"}],"about":[{"href":"https:\/\/virtual.ul.edu.co\/cul\/wp-json\/wp\/v2\/types\/page"}],"author":[{"embeddable":true,"href":"https:\/\/virtual.ul.edu.co\/cul\/wp-json\/wp\/v2\/users\/1"}],"replies":[{"embeddable":true,"href":"https:\/\/virtual.ul.edu.co\/cul\/wp-json\/wp\/v2\/comments?post=1991"}],"version-history":[{"count":7,"href":"https:\/\/virtual.ul.edu.co\/cul\/wp-json\/wp\/v2\/pages\/1991\/revisions"}],"predecessor-version":[{"id":2005,"href":"https:\/\/virtual.ul.edu.co\/cul\/wp-json\/wp\/v2\/pages\/1991\/revisions\/2005"}],"up":[{"embeddable":true,"href":"https:\/\/virtual.ul.edu.co\/cul\/wp-json\/wp\/v2\/pages\/1883"}],"wp:attachment":[{"href":"https:\/\/virtual.ul.edu.co\/cul\/wp-json\/wp\/v2\/media?parent=1991"}],"curies":[{"name":"wp","href":"https:\/\/api.w.org\/{rel}","templated":true}]}}