{"id":318,"date":"2023-01-31T17:49:55","date_gmt":"2023-01-31T22:49:55","guid":{"rendered":"https:\/\/cul.mibcode.com\/?p=318"},"modified":"2023-03-12T14:50:52","modified_gmt":"2023-03-12T19:50:52","slug":"estudiante","status":"publish","type":"page","link":"https:\/\/virtual.ul.edu.co\/cul\/estudiante\/","title":{"rendered":"estudiante"},"content":{"rendered":"\t\t<div data-elementor-type=\"wp-page\" data-elementor-id=\"318\" class=\"elementor elementor-318\">\n\t\t\t\t\t\t<section class=\"elementor-section elementor-top-section elementor-element elementor-element-81c0e86 elementor-section-full_width elementor-section-height-default elementor-section-height-default\" data-id=\"81c0e86\" data-element_type=\"section\">\n\t\t\t\t\t\t<div class=\"elementor-container elementor-column-gap-default\">\n\t\t\t\t\t<div class=\"elementor-column elementor-col-100 elementor-top-column elementor-element elementor-element-5ce1467\" data-id=\"5ce1467\" data-element_type=\"column\">\n\t\t\t<div class=\"elementor-widget-wrap elementor-element-populated\">\n\t\t\t\t\t\t<div class=\"elementor-element elementor-element-e404aca elementor-widget elementor-widget-jkit_banner\" data-id=\"e404aca\" data-element_type=\"widget\" data-widget_type=\"jkit_banner.default\">\n\t\t\t\t<div class=\"elementor-widget-container\">\n\t\t\t\t\t<div  class=\"jeg-elementor-kit jkit-banner jeg_module___69e568623b67d\" ><div class=\"jkit-banner-wrapper\"><div class=\"jkit-banner-image\" style=\"background-image: url(https:\/\/virtual.ul.edu.co\/cul\/wp-content\/uploads\/2023\/01\/Slider-nuevos_Mesa-de-trabajo-1-05.jpg)\"><\/div><div class=\"jkit-banner-content\"><div class=\"jkit-banner-content-inner\"><h5 class=\"jkit-banner-subtitle\"><\/h5><h4 class=\"jkit-banner-title\"><\/h4><\/div><\/div><div class=\"jkit-banner-box-sale jkit-box-sale-position-right jkit-box-sale-position-top\"><div class=\"jkit-banner-box-sale-before-text\"><\/div><div class=\"jkit-banner-box-sale-text\"><span class=\"jkit-banner-box-sale-unit\"><\/span><\/div><\/div><a href=\"#\" class=\"jkit-banner-all-link\"><\/a><\/div><\/div>\t\t\t\t<\/div>\n\t\t\t\t<\/div>\n\t\t\t\t\t<\/div>\n\t\t<\/div>\n\t\t\t\t\t<\/div>\n\t\t<\/section>\n\t\t\t\t<section class=\"elementor-section elementor-top-section elementor-element elementor-element-da21aed elementor-section-boxed elementor-section-height-default elementor-section-height-default\" data-id=\"da21aed\" data-element_type=\"section\">\n\t\t\t\t\t\t<div class=\"elementor-container elementor-column-gap-default\">\n\t\t\t\t\t<div class=\"elementor-column elementor-col-33 elementor-top-column elementor-element elementor-element-2ac5849\" data-id=\"2ac5849\" data-element_type=\"column\">\n\t\t\t<div class=\"elementor-widget-wrap elementor-element-populated\">\n\t\t\t\t\t\t<div class=\"elementor-element elementor-element-0a09bd2 elementor-widget-divider--view-line elementor-widget elementor-widget-divider\" data-id=\"0a09bd2\" data-element_type=\"widget\" data-widget_type=\"divider.default\">\n\t\t\t\t<div class=\"elementor-widget-container\">\n\t\t\t\t\t\t\t<div class=\"elementor-divider\">\n\t\t\t<span class=\"elementor-divider-separator\">\n\t\t\t\t\t\t<\/span>\n\t\t<\/div>\n\t\t\t\t\t\t<\/div>\n\t\t\t\t<\/div>\n\t\t\t\t\t<\/div>\n\t\t<\/div>\n\t\t\t\t<div class=\"elementor-column elementor-col-33 elementor-top-column elementor-element elementor-element-7b475bc\" data-id=\"7b475bc\" data-element_type=\"column\">\n\t\t\t<div class=\"elementor-widget-wrap elementor-element-populated\">\n\t\t\t\t\t\t<div class=\"elementor-element elementor-element-c845f4c elementor-widget elementor-widget-text-editor\" data-id=\"c845f4c\" data-element_type=\"widget\" data-widget_type=\"text-editor.default\">\n\t\t\t\t<div class=\"elementor-widget-container\">\n\t\t\t\t\t\t\t\t\t<h4>Convocatorias<\/h4>\t\t\t\t\t\t\t\t<\/div>\n\t\t\t\t<\/div>\n\t\t\t\t\t<\/div>\n\t\t<\/div>\n\t\t\t\t<div class=\"elementor-column elementor-col-33 elementor-top-column elementor-element elementor-element-9c44ad7\" data-id=\"9c44ad7\" data-element_type=\"column\">\n\t\t\t<div class=\"elementor-widget-wrap elementor-element-populated\">\n\t\t\t\t\t\t<div class=\"elementor-element elementor-element-b635852 elementor-widget-divider--view-line elementor-widget elementor-widget-divider\" data-id=\"b635852\" data-element_type=\"widget\" data-widget_type=\"divider.default\">\n\t\t\t\t<div class=\"elementor-widget-container\">\n\t\t\t\t\t\t\t<div class=\"elementor-divider\">\n\t\t\t<span class=\"elementor-divider-separator\">\n\t\t\t\t\t\t<\/span>\n\t\t<\/div>\n\t\t\t\t\t\t<\/div>\n\t\t\t\t<\/div>\n\t\t\t\t\t<\/div>\n\t\t<\/div>\n\t\t\t\t\t<\/div>\n\t\t<\/section>\n\t\t\t\t<section class=\"elementor-section elementor-top-section elementor-element elementor-element-e81c860 elementor-section-boxed elementor-section-height-default elementor-section-height-default\" data-id=\"e81c860\" data-element_type=\"section\">\n\t\t\t\t\t\t<div class=\"elementor-container elementor-column-gap-default\">\n\t\t\t\t\t<div class=\"elementor-column elementor-col-33 elementor-top-column elementor-element elementor-element-202678a\" data-id=\"202678a\" data-element_type=\"column\">\n\t\t\t<div class=\"elementor-widget-wrap elementor-element-populated\">\n\t\t\t\t\t\t<div class=\"elementor-element elementor-element-33d8963 elementor-widget elementor-widget-image\" data-id=\"33d8963\" data-element_type=\"widget\" data-widget_type=\"image.default\">\n\t\t\t\t<div class=\"elementor-widget-container\">\n\t\t\t\t\t\t\t\t\t\t\t\t\t\t\t<img fetchpriority=\"high\" decoding=\"async\" width=\"1024\" height=\"1024\" src=\"https:\/\/virtual.ul.edu.co\/cul\/wp-content\/uploads\/2023\/01\/CONVOCATORIA-MONITORES-1024x1024.jpeg\" class=\"attachment-large size-large wp-image-319\" alt=\"\" srcset=\"https:\/\/virtual.ul.edu.co\/cul\/wp-content\/uploads\/2023\/01\/CONVOCATORIA-MONITORES-1024x1024.jpeg 1024w, https:\/\/virtual.ul.edu.co\/cul\/wp-content\/uploads\/2023\/01\/CONVOCATORIA-MONITORES-300x300.jpeg 300w, https:\/\/virtual.ul.edu.co\/cul\/wp-content\/uploads\/2023\/01\/CONVOCATORIA-MONITORES-150x150.jpeg 150w, https:\/\/virtual.ul.edu.co\/cul\/wp-content\/uploads\/2023\/01\/CONVOCATORIA-MONITORES-768x768.jpeg 768w, https:\/\/virtual.ul.edu.co\/cul\/wp-content\/uploads\/2023\/01\/CONVOCATORIA-MONITORES.jpeg 1280w\" sizes=\"(max-width: 1024px) 100vw, 1024px\" \/>\t\t\t\t\t\t\t\t\t\t\t\t\t\t\t<\/div>\n\t\t\t\t<\/div>\n\t\t\t\t\t<\/div>\n\t\t<\/div>\n\t\t\t\t<div class=\"elementor-column elementor-col-33 elementor-top-column elementor-element elementor-element-efdbbe0\" data-id=\"efdbbe0\" data-element_type=\"column\">\n\t\t\t<div class=\"elementor-widget-wrap elementor-element-populated\">\n\t\t\t\t\t\t<div class=\"elementor-element elementor-element-4e0956b elementor-widget elementor-widget-image\" data-id=\"4e0956b\" data-element_type=\"widget\" data-widget_type=\"image.default\">\n\t\t\t\t<div class=\"elementor-widget-container\">\n\t\t\t\t\t\t\t\t\t\t\t\t\t\t\t<img decoding=\"async\" width=\"1024\" height=\"1024\" src=\"https:\/\/virtual.ul.edu.co\/cul\/wp-content\/uploads\/2023\/01\/RED-BIENESTAR-1024x1024.jpg\" class=\"attachment-large size-large wp-image-320\" alt=\"\" srcset=\"https:\/\/virtual.ul.edu.co\/cul\/wp-content\/uploads\/2023\/01\/RED-BIENESTAR-1024x1024.jpg 1024w, https:\/\/virtual.ul.edu.co\/cul\/wp-content\/uploads\/2023\/01\/RED-BIENESTAR-300x300.jpg 300w, https:\/\/virtual.ul.edu.co\/cul\/wp-content\/uploads\/2023\/01\/RED-BIENESTAR-150x150.jpg 150w, https:\/\/virtual.ul.edu.co\/cul\/wp-content\/uploads\/2023\/01\/RED-BIENESTAR-768x768.jpg 768w, https:\/\/virtual.ul.edu.co\/cul\/wp-content\/uploads\/2023\/01\/RED-BIENESTAR-1536x1536.jpg 1536w, https:\/\/virtual.ul.edu.co\/cul\/wp-content\/uploads\/2023\/01\/RED-BIENESTAR-2048x2048.jpg 2048w\" sizes=\"(max-width: 1024px) 100vw, 1024px\" \/>\t\t\t\t\t\t\t\t\t\t\t\t\t\t\t<\/div>\n\t\t\t\t<\/div>\n\t\t\t\t\t<\/div>\n\t\t<\/div>\n\t\t\t\t<div class=\"elementor-column elementor-col-33 elementor-top-column elementor-element elementor-element-d163e92\" data-id=\"d163e92\" data-element_type=\"column\">\n\t\t\t<div class=\"elementor-widget-wrap elementor-element-populated\">\n\t\t\t\t\t\t<div class=\"elementor-element elementor-element-da6a9c4 elementor-widget elementor-widget-image\" data-id=\"da6a9c4\" data-element_type=\"widget\" data-widget_type=\"image.default\">\n\t\t\t\t<div class=\"elementor-widget-container\">\n\t\t\t\t\t\t\t\t\t\t\t\t\t\t\t<img decoding=\"async\" src=\"https:\/\/virtual.ul.edu.co\/cul\/wp-content\/plugins\/elementor\/assets\/images\/placeholder.png\" title=\"\" alt=\"\" loading=\"lazy\" \/>\t\t\t\t\t\t\t\t\t\t\t\t\t\t\t<\/div>\n\t\t\t\t<\/div>\n\t\t\t\t\t<\/div>\n\t\t<\/div>\n\t\t\t\t\t<\/div>\n\t\t<\/section>\n\t\t\t\t<section class=\"elementor-section elementor-top-section elementor-element elementor-element-2949c6b elementor-section-boxed elementor-section-height-default elementor-section-height-default\" data-id=\"2949c6b\" data-element_type=\"section\">\n\t\t\t\t\t\t<div class=\"elementor-container elementor-column-gap-default\">\n\t\t\t\t\t<div class=\"elementor-column elementor-col-100 elementor-top-column elementor-element elementor-element-1371f87\" data-id=\"1371f87\" data-element_type=\"column\">\n\t\t\t<div class=\"elementor-widget-wrap elementor-element-populated\">\n\t\t\t\t\t\t<div class=\"elementor-element elementor-element-b9b4e78 elementor-widget elementor-widget-text-editor\" data-id=\"b9b4e78\" data-element_type=\"widget\" data-widget_type=\"text-editor.default\">\n\t\t\t\t<div class=\"elementor-widget-container\">\n\t\t\t\t\t\t\t\t\t<h4>Noticias institucionales<\/h4>\t\t\t\t\t\t\t\t<\/div>\n\t\t\t\t<\/div>\n\t\t\t\t<div class=\"elementor-element elementor-element-f26378f elementor-widget-divider--view-line elementor-invisible elementor-widget elementor-widget-divider\" data-id=\"f26378f\" data-element_type=\"widget\" data-settings=\"{&quot;_animation&quot;:&quot;fadeInLeft&quot;}\" data-widget_type=\"divider.default\">\n\t\t\t\t<div class=\"elementor-widget-container\">\n\t\t\t\t\t\t\t<div class=\"elementor-divider\">\n\t\t\t<span class=\"elementor-divider-separator\">\n\t\t\t\t\t\t<\/span>\n\t\t<\/div>\n\t\t\t\t\t\t<\/div>\n\t\t\t\t<\/div>\n\t\t\t\t\t<\/div>\n\t\t<\/div>\n\t\t\t\t\t<\/div>\n\t\t<\/section>\n\t\t\t\t<section class=\"elementor-section elementor-top-section elementor-element elementor-element-ccd608e elementor-section-boxed elementor-section-height-default elementor-section-height-default\" data-id=\"ccd608e\" data-element_type=\"section\">\n\t\t\t\t\t\t<div class=\"elementor-container elementor-column-gap-default\">\n\t\t\t\t\t<div class=\"elementor-column elementor-col-100 elementor-top-column elementor-element elementor-element-5ceeabb\" data-id=\"5ceeabb\" data-element_type=\"column\">\n\t\t\t<div class=\"elementor-widget-wrap elementor-element-populated\">\n\t\t\t\t\t\t<div class=\"elementor-element elementor-element-3ca9a29 elementor-widget elementor-widget-jkit_post_block\" data-id=\"3ca9a29\" data-element_type=\"widget\" data-widget_type=\"jkit_post_block.default\">\n\t\t\t\t<div class=\"elementor-widget-container\">\n\t\t\t\t\t<div  class=\"jeg-elementor-kit jkit-postblock postblock-type-1 jkit-pagination-disable post-element jeg_module__1_69e56862414ff\"  data-id=\"jeg_module__1_69e56862414ff\" data-settings=\"{&quot;post_type&quot;:&quot;post&quot;,&quot;number_post&quot;:{&quot;unit&quot;:&quot;px&quot;,&quot;size&quot;:2,&quot;sizes&quot;:[]},&quot;post_offset&quot;:0,&quot;unique_content&quot;:&quot;disable&quot;,&quot;include_post&quot;:&quot;&quot;,&quot;exclude_post&quot;:&quot;&quot;,&quot;include_category&quot;:&quot;&quot;,&quot;exclude_category&quot;:&quot;&quot;,&quot;include_author&quot;:&quot;&quot;,&quot;include_tag&quot;:&quot;&quot;,&quot;exclude_tag&quot;:&quot;&quot;,&quot;sort_by&quot;:&quot;latest&quot;,&quot;pagination_mode&quot;:&quot;disable&quot;,&quot;pagination_loadmore_text&quot;:&quot;Load More&quot;,&quot;pagination_loading_text&quot;:&quot;Loading...&quot;,&quot;pagination_number_post&quot;:{&quot;unit&quot;:&quot;px&quot;,&quot;size&quot;:3,&quot;sizes&quot;:[]},&quot;pagination_scroll_limit&quot;:0,&quot;pagination_icon&quot;:{&quot;value&quot;:&quot;&quot;,&quot;library&quot;:&quot;&quot;},&quot;pagination_icon_position&quot;:&quot;before&quot;,&quot;st_category_position&quot;:&quot;center&quot;,&quot;sg_content_postblock_type&quot;:&quot;type-1&quot;,&quot;sg_content_element_order&quot;:&quot;title,meta,excerpt,read&quot;,&quot;sg_content_breakpoint&quot;:&quot;tablet&quot;,&quot;sg_content_title_html_tag&quot;:&quot;h3&quot;,&quot;sg_content_category_enable&quot;:&quot;yes&quot;,&quot;sg_content_excerpt_enable&quot;:&quot;yes&quot;,&quot;sg_content_excerpt_length&quot;:{&quot;unit&quot;:&quot;px&quot;,&quot;size&quot;:20,&quot;sizes&quot;:[]},&quot;sg_content_excerpt_more&quot;:&quot;...&quot;,&quot;sg_content_readmore_enable&quot;:&quot;yes&quot;,&quot;sg_content_readmore_icon&quot;:{&quot;value&quot;:&quot;fas fa-arrow-right&quot;,&quot;library&quot;:&quot;fa-solid&quot;},&quot;sg_content_readmore_icon_position&quot;:&quot;after&quot;,&quot;sg_content_readmore_text&quot;:&quot;Leer m\\u00e1s&quot;,&quot;sg_content_comment_enable&quot;:&quot;yes&quot;,&quot;sg_content_comment_icon&quot;:{&quot;value&quot;:&quot;fas fa-comment&quot;,&quot;library&quot;:&quot;fa-solid&quot;},&quot;sg_content_comment_icon_position&quot;:&quot;before&quot;,&quot;sg_content_meta_enable&quot;:&quot;yes&quot;,&quot;sg_content_meta_author_enable&quot;:&quot;&quot;,&quot;sg_content_meta_author_by_text&quot;:&quot;by&quot;,&quot;sg_content_meta_author_icon&quot;:{&quot;value&quot;:&quot;fas fa-user&quot;,&quot;library&quot;:&quot;fa-solid&quot;},&quot;sg_content_meta_author_icon_position&quot;:&quot;before&quot;,&quot;sg_content_meta_date_enable&quot;:&quot;yes&quot;,&quot;sg_content_meta_date_type&quot;:&quot;published&quot;,&quot;sg_content_meta_date_format&quot;:&quot;default&quot;,&quot;sg_content_meta_date_format_custom&quot;:&quot;j F, Y&quot;,&quot;sg_content_meta_date_icon&quot;:{&quot;value&quot;:&quot;fas fa-clock&quot;,&quot;library&quot;:&quot;fa-solid&quot;},&quot;sg_content_meta_date_icon_position&quot;:&quot;before&quot;,&quot;sg_content_image_size_imagesize_size&quot;:&quot;full&quot;,&quot;paged&quot;:1,&quot;class&quot;:&quot;jkit_post_block&quot;}\"><div class=\"jkit-block-container\"><div class=\"jkit-posts jkit-ajax-flag\">\n            <article class=\"jkit-post post-110 post type-post status-publish format-standard has-post-thumbnail hentry category-noticul\">\n                    <div class=\"jkit-thumb\"><a aria-label=\"Deportistas CUL estuvieron en lo m\u00e1s alto del p\u00f3dium Juegos Universitarios ASCUN\" href=\"https:\/\/virtual.ul.edu.co\/cul\/deportistas-cul-estuvieron-en-lo-mas-alto-del-podium-juegos-universitarios-ascun\/\"><div class=\"thumbnail-container \">\n            <img loading=\"lazy\" decoding=\"async\" width=\"900\" height=\"623\" src=\"https:\/\/virtual.ul.edu.co\/cul\/wp-content\/uploads\/2022\/12\/deportistas.jpg\" class=\"attachment-full size-full wp-post-image\" alt=\"\" loading=\"lazy\" srcset=\"https:\/\/virtual.ul.edu.co\/cul\/wp-content\/uploads\/2022\/12\/deportistas.jpg 900w, https:\/\/virtual.ul.edu.co\/cul\/wp-content\/uploads\/2022\/12\/deportistas-300x208.jpg 300w, https:\/\/virtual.ul.edu.co\/cul\/wp-content\/uploads\/2022\/12\/deportistas-768x532.jpg 768w\" sizes=\"auto, (max-width: 900px) 100vw, 900px\" \/>\n        <\/div><\/a><\/div>\n                    <div class=\"jkit-postblock-content\"><div class=\"jkit-post-category \"><span><a href=\"https:\/\/virtual.ul.edu.co\/cul\/category\/noticul\/\" class=\"category-noticul\">Noticul<\/a><\/span><\/div><h3 class=\"jkit-post-title\">\n\t\t\t\t\t\t\t<a href=\"https:\/\/virtual.ul.edu.co\/cul\/deportistas-cul-estuvieron-en-lo-mas-alto-del-podium-juegos-universitarios-ascun\/\">Deportistas CUL estuvieron en lo m\u00e1s alto del p\u00f3dium Juegos Universitarios ASCUN<\/a>\n\t\t\t\t\t\t<\/h3><div class=\"jkit-post-meta\"><div class=\"jkit-meta-date icon-position-before\"><i aria-hidden=\"true\" class=\"fas fa-clock\"><\/i>13 diciembre, 2022<\/div><\/div><div class=\"jkit-post-excerpt\"><p>La Corporaci\u00f3n Universitaria Latinoamericana \u2013 CUL \u2013 particip\u00f3 del 26 de septiembre al 9 de octubre de 2022 en los...<\/p><\/div><div class=\"jkit-post-meta-bottom\">\n\t\t\t\t\t\t\t<div class=\"jkit-meta-readmore icon-position-after\">\n                <a title=\"Deportistas CUL estuvieron en lo m\u00e1s alto del p\u00f3dium Juegos Universitarios ASCUN\" href=\"https:\/\/virtual.ul.edu.co\/cul\/deportistas-cul-estuvieron-en-lo-mas-alto-del-podium-juegos-universitarios-ascun\/\" class=\"jkit-readmore\">Leer m\u00e1s<i aria-hidden=\"true\" class=\"fas fa-arrow-right\"><\/i><\/a>\n            <\/div><div class=\"jkit-meta-comment icon-position-before\">\n                <a href=\"https:\/\/virtual.ul.edu.co\/cul\/deportistas-cul-estuvieron-en-lo-mas-alto-del-podium-juegos-universitarios-ascun\/#respond\" >\n                    <i aria-hidden=\"true\" class=\"fas fa-comment\"><\/i><span>0<\/span>\n                <\/a>\n            <\/div>\n\t\t\t\t\t\t<\/div><\/div>\n                <\/article><article class=\"jkit-post post-107 post type-post status-publish format-standard has-post-thumbnail hentry category-noticul\">\n                    <div class=\"jkit-thumb\"><a aria-label=\"Encuentro con Egresados de la Facultad de Educaci\u00f3n\" href=\"https:\/\/virtual.ul.edu.co\/cul\/encuentro-con-egresados-de-la-facultad-de-educacion\/\"><div class=\"thumbnail-container \">\n            <img loading=\"lazy\" decoding=\"async\" width=\"900\" height=\"598\" src=\"https:\/\/virtual.ul.edu.co\/cul\/wp-content\/uploads\/2022\/12\/egresados.jpg\" class=\"attachment-full size-full wp-post-image\" alt=\"\" loading=\"lazy\" srcset=\"https:\/\/virtual.ul.edu.co\/cul\/wp-content\/uploads\/2022\/12\/egresados.jpg 900w, https:\/\/virtual.ul.edu.co\/cul\/wp-content\/uploads\/2022\/12\/egresados-300x199.jpg 300w, https:\/\/virtual.ul.edu.co\/cul\/wp-content\/uploads\/2022\/12\/egresados-768x510.jpg 768w\" sizes=\"auto, (max-width: 900px) 100vw, 900px\" \/>\n        <\/div><\/a><\/div>\n                    <div class=\"jkit-postblock-content\"><div class=\"jkit-post-category \"><span><a href=\"https:\/\/virtual.ul.edu.co\/cul\/category\/noticul\/\" class=\"category-noticul\">Noticul<\/a><\/span><\/div><h3 class=\"jkit-post-title\">\n\t\t\t\t\t\t\t<a href=\"https:\/\/virtual.ul.edu.co\/cul\/encuentro-con-egresados-de-la-facultad-de-educacion\/\">Encuentro con Egresados de la Facultad de Educaci\u00f3n<\/a>\n\t\t\t\t\t\t<\/h3><div class=\"jkit-post-meta\"><div class=\"jkit-meta-date icon-position-before\"><i aria-hidden=\"true\" class=\"fas fa-clock\"><\/i>13 diciembre, 2022<\/div><\/div><div class=\"jkit-post-excerpt\"><p>En el marco de la semana CUL Global 2022 se desarroll\u00f3 el Encuentro de Egresados de la Facultad de Educaci\u00f3n,...<\/p><\/div><div class=\"jkit-post-meta-bottom\">\n\t\t\t\t\t\t\t<div class=\"jkit-meta-readmore icon-position-after\">\n                <a title=\"Encuentro con Egresados de la Facultad de Educaci\u00f3n\" href=\"https:\/\/virtual.ul.edu.co\/cul\/encuentro-con-egresados-de-la-facultad-de-educacion\/\" class=\"jkit-readmore\">Leer m\u00e1s<i aria-hidden=\"true\" class=\"fas fa-arrow-right\"><\/i><\/a>\n            <\/div><div class=\"jkit-meta-comment icon-position-before\">\n                <a href=\"https:\/\/virtual.ul.edu.co\/cul\/encuentro-con-egresados-de-la-facultad-de-educacion\/#respond\" >\n                    <i aria-hidden=\"true\" class=\"fas fa-comment\"><\/i><span>0<\/span>\n                <\/a>\n            <\/div>\n\t\t\t\t\t\t<\/div><\/div>\n                <\/article>\n        <\/div><\/div><\/div>\t\t\t\t<\/div>\n\t\t\t\t<\/div>\n\t\t\t\t\t<\/div>\n\t\t<\/div>\n\t\t\t\t\t<\/div>\n\t\t<\/section>\n\t\t\t\t<section class=\"elementor-section elementor-top-section elementor-element elementor-element-72638b4 elementor-section-boxed elementor-section-height-default elementor-section-height-default\" data-id=\"72638b4\" data-element_type=\"section\">\n\t\t\t\t\t\t<div class=\"elementor-container elementor-column-gap-default\">\n\t\t\t\t\t<div class=\"elementor-column elementor-col-100 elementor-top-column elementor-element elementor-element-bef1a63\" data-id=\"bef1a63\" data-element_type=\"column\">\n\t\t\t<div class=\"elementor-widget-wrap elementor-element-populated\">\n\t\t\t\t\t\t<div class=\"elementor-element elementor-element-9a6ddbd elementor-widget elementor-widget-text-editor\" data-id=\"9a6ddbd\" data-element_type=\"widget\" data-widget_type=\"text-editor.default\">\n\t\t\t\t<div class=\"elementor-widget-container\">\n\t\t\t\t\t\t\t\t\t<h4>Titulo<\/h4>\t\t\t\t\t\t\t\t<\/div>\n\t\t\t\t<\/div>\n\t\t\t\t<div class=\"elementor-element elementor-element-1dc7c36 elementor-widget-divider--view-line elementor-invisible elementor-widget elementor-widget-divider\" data-id=\"1dc7c36\" data-element_type=\"widget\" data-settings=\"{&quot;_animation&quot;:&quot;fadeInLeft&quot;}\" data-widget_type=\"divider.default\">\n\t\t\t\t<div class=\"elementor-widget-container\">\n\t\t\t\t\t\t\t<div class=\"elementor-divider\">\n\t\t\t<span class=\"elementor-divider-separator\">\n\t\t\t\t\t\t<\/span>\n\t\t<\/div>\n\t\t\t\t\t\t<\/div>\n\t\t\t\t<\/div>\n\t\t\t\t<div class=\"elementor-element elementor-element-a8ab3f1 elementor-widget-divider--view-line elementor-widget elementor-widget-divider\" data-id=\"a8ab3f1\" data-element_type=\"widget\" data-widget_type=\"divider.default\">\n\t\t\t\t<div class=\"elementor-widget-container\">\n\t\t\t\t\t\t\t<div class=\"elementor-divider\">\n\t\t\t<span class=\"elementor-divider-separator\">\n\t\t\t\t\t\t<\/span>\n\t\t<\/div>\n\t\t\t\t\t\t<\/div>\n\t\t\t\t<\/div>\n\t\t\t\t\t<\/div>\n\t\t<\/div>\n\t\t\t\t\t<\/div>\n\t\t<\/section>\n\t\t\t\t<section class=\"elementor-section elementor-top-section elementor-element elementor-element-e3fef3a elementor-section-boxed elementor-section-height-default elementor-section-height-default\" data-id=\"e3fef3a\" data-element_type=\"section\">\n\t\t\t\t\t\t<div class=\"elementor-container elementor-column-gap-default\">\n\t\t\t\t\t<div class=\"elementor-column elementor-col-100 elementor-top-column elementor-element elementor-element-a7f7932\" data-id=\"a7f7932\" data-element_type=\"column\">\n\t\t\t<div class=\"elementor-widget-wrap elementor-element-populated\">\n\t\t\t\t\t\t<div class=\"elementor-element elementor-element-7bdc7ce elementor-widget elementor-widget-image\" data-id=\"7bdc7ce\" data-element_type=\"widget\" data-widget_type=\"image.default\">\n\t\t\t\t<div class=\"elementor-widget-container\">\n\t\t\t\t\t\t\t\t\t\t\t\t\t\t\t<img decoding=\"async\" width=\"2560\" height=\"1189\" src=\"https:\/\/virtual.ul.edu.co\/cul\/wp-content\/uploads\/2023\/01\/BANNER-CALENDARIO-CADADEMICO_Mesa-de-trabajo-1-scaled.jpg\" class=\"attachment-full size-full wp-image-231\" alt=\"\" srcset=\"https:\/\/virtual.ul.edu.co\/cul\/wp-content\/uploads\/2023\/01\/BANNER-CALENDARIO-CADADEMICO_Mesa-de-trabajo-1-scaled.jpg 2560w, https:\/\/virtual.ul.edu.co\/cul\/wp-content\/uploads\/2023\/01\/BANNER-CALENDARIO-CADADEMICO_Mesa-de-trabajo-1-300x139.jpg 300w, https:\/\/virtual.ul.edu.co\/cul\/wp-content\/uploads\/2023\/01\/BANNER-CALENDARIO-CADADEMICO_Mesa-de-trabajo-1-1024x476.jpg 1024w, https:\/\/virtual.ul.edu.co\/cul\/wp-content\/uploads\/2023\/01\/BANNER-CALENDARIO-CADADEMICO_Mesa-de-trabajo-1-768x357.jpg 768w, https:\/\/virtual.ul.edu.co\/cul\/wp-content\/uploads\/2023\/01\/BANNER-CALENDARIO-CADADEMICO_Mesa-de-trabajo-1-1536x713.jpg 1536w, https:\/\/virtual.ul.edu.co\/cul\/wp-content\/uploads\/2023\/01\/BANNER-CALENDARIO-CADADEMICO_Mesa-de-trabajo-1-2048x951.jpg 2048w\" sizes=\"(max-width: 2560px) 100vw, 2560px\" \/>\t\t\t\t\t\t\t\t\t\t\t\t\t\t\t<\/div>\n\t\t\t\t<\/div>\n\t\t\t\t\t<\/div>\n\t\t<\/div>\n\t\t\t\t\t<\/div>\n\t\t<\/section>\n\t\t\t\t<section class=\"elementor-section elementor-top-section elementor-element elementor-element-e1ea5e1 elementor-section-boxed elementor-section-height-default elementor-section-height-default\" data-id=\"e1ea5e1\" data-element_type=\"section\">\n\t\t\t\t\t\t<div class=\"elementor-container elementor-column-gap-default\">\n\t\t\t\t\t<div class=\"elementor-column elementor-col-100 elementor-top-column elementor-element elementor-element-778a428\" data-id=\"778a428\" data-element_type=\"column\">\n\t\t\t<div class=\"elementor-widget-wrap\">\n\t\t\t\t\t\t\t<\/div>\n\t\t<\/div>\n\t\t\t\t\t<\/div>\n\t\t<\/section>\n\t\t\t\t<\/div>\n\t\t","protected":false},"excerpt":{"rendered":"<p>Convocatorias Noticias institucionales edit post Noticul Deportistas CUL estuvieron en lo m\u00e1s alto del p\u00f3dium Juegos Universitarios ASCUN 13 diciembre, 2022 La Corporaci\u00f3n Universitaria Latinoamericana \u2013 CUL \u2013 particip\u00f3 del 26 de septiembre al 9 de octubre de 2022 en los&#8230; Leer m\u00e1s 0 edit post Noticul Encuentro con Egresados de la Facultad de Educaci\u00f3n &hellip;<\/p>\n<p class=\"read-more\"> <a class=\"\" href=\"https:\/\/virtual.ul.edu.co\/cul\/estudiante\/\"> <span class=\"screen-reader-text\">estudiante<\/span> Leer m\u00e1s &raquo;<\/a><\/p>\n","protected":false},"author":1,"featured_media":0,"parent":0,"menu_order":0,"comment_status":"closed","ping_status":"closed","template":"","meta":{"site-sidebar-layout":"no-sidebar","site-content-layout":"page-builder","ast-global-header-display":"","ast-main-header-display":"","ast-hfb-above-header-display":"","ast-hfb-below-header-display":"","ast-hfb-mobile-header-display":"","site-post-title":"disabled","ast-breadcrumbs-content":"","ast-featured-img":"disabled","footer-sml-layout":"","theme-transparent-header-meta":"","adv-header-id-meta":"","stick-header-meta":"","header-above-stick-meta":"","header-main-stick-meta":"","header-below-stick-meta":"","footnotes":""},"class_list":["post-318","page","type-page","status-publish","hentry"],"_links":{"self":[{"href":"https:\/\/virtual.ul.edu.co\/cul\/wp-json\/wp\/v2\/pages\/318","targetHints":{"allow":["GET"]}}],"collection":[{"href":"https:\/\/virtual.ul.edu.co\/cul\/wp-json\/wp\/v2\/pages"}],"about":[{"href":"https:\/\/virtual.ul.edu.co\/cul\/wp-json\/wp\/v2\/types\/page"}],"author":[{"embeddable":true,"href":"https:\/\/virtual.ul.edu.co\/cul\/wp-json\/wp\/v2\/users\/1"}],"replies":[{"embeddable":true,"href":"https:\/\/virtual.ul.edu.co\/cul\/wp-json\/wp\/v2\/comments?post=318"}],"version-history":[{"count":29,"href":"https:\/\/virtual.ul.edu.co\/cul\/wp-json\/wp\/v2\/pages\/318\/revisions"}],"predecessor-version":[{"id":651,"href":"https:\/\/virtual.ul.edu.co\/cul\/wp-json\/wp\/v2\/pages\/318\/revisions\/651"}],"wp:attachment":[{"href":"https:\/\/virtual.ul.edu.co\/cul\/wp-json\/wp\/v2\/media?parent=318"}],"curies":[{"name":"wp","href":"https:\/\/api.w.org\/{rel}","templated":true}]}}